{"id":2446,"date":"2025-03-27T14:23:18","date_gmt":"2025-03-27T13:23:18","guid":{"rendered":"https:\/\/www.hoteldelacite.com\/?page_id=2446"},"modified":"2025-03-27T14:27:13","modified_gmt":"2025-03-27T13:27:13","slug":"besuche","status":"publish","type":"page","link":"https:\/\/www.hoteldelacite.com\/de\/tourisme-visiter-carcassonne\/visites\/","title":{"rendered":"Die mittelalterliche Stadt"},"content":{"rendered":"<div data-elementor-type=\"wp-page\" data-elementor-id=\"2446\" class=\"elementor elementor-2446\" data-elementor-post-type=\"page\">\n\t\t\t\t<div class=\"elementor-element elementor-element-99b8ac7 e-flex e-con-boxed e-con e-parent\" data-id=\"99b8ac7\" data-element_type=\"container\" data-e-type=\"container\" data-settings=\"{&quot;background_background&quot;:&quot;classic&quot;}\">\n\t\t\t\t\t<div class=\"e-con-inner\">\n\t\t<div class=\"elementor-element elementor-element-811a36f e-con-full e-flex e-con e-child\" data-id=\"811a36f\" data-element_type=\"container\" data-e-type=\"container\">\n\t\t\t\t<div class=\"elementor-element elementor-element-0486443 elementor-widget elementor-widget-image\" data-id=\"0486443\" data-element_type=\"widget\" data-e-type=\"widget\" data-widget_type=\"image.default\">\n\t\t\t\t<div class=\"elementor-widget-container\">\n\t\t\t\t\t\t\t\t\t\t\t\t\t\t\t<img decoding=\"async\" width=\"149\" height=\"67\" src=\"https:\/\/www.hoteldelacite.com\/wp-content\/uploads\/2024\/03\/Groupe-1010-1.svg\" class=\"attachment-full size-full wp-image-535\" alt=\"\" title=\"\">\t\t\t\t\t\t\t\t\t\t\t\t\t\t\t<\/div>\n\t\t\t\t<\/div>\n\t\t\t\t<div class=\"elementor-element elementor-element-e8645cd elementor-widget elementor-widget-heading\" data-id=\"e8645cd\" data-element_type=\"widget\" data-e-type=\"widget\" data-widget_type=\"heading.default\">\n\t\t\t\t<div class=\"elementor-widget-container\">\n\t\t\t\t\t<h1 class=\"elementor-heading-title elementor-size-default\">Die mittelalterliche Stadt<\/h1>\t\t\t\t<\/div>\n\t\t\t\t<\/div>\n\t\t\t\t<div class=\"elementor-element elementor-element-69a1310 elementor-widget elementor-widget-image\" data-id=\"69a1310\" data-element_type=\"widget\" data-e-type=\"widget\" data-widget_type=\"image.default\">\n\t\t\t\t<div class=\"elementor-widget-container\">\n\t\t\t\t\t\t\t\t\t\t\t\t\t\t\t<img decoding=\"async\" width=\"48\" height=\"47\" src=\"https:\/\/www.hoteldelacite.com\/wp-content\/uploads\/2024\/03\/Trace-19684.svg\" class=\"attachment-full size-full wp-image-534\" alt=\"\" title=\"\">\t\t\t\t\t\t\t\t\t\t\t\t\t\t\t<\/div>\n\t\t\t\t<\/div>\n\t\t\t\t<\/div>\n\t\t\t\t\t<\/div>\n\t\t\t\t<\/div>\n\t\t<div class=\"elementor-element elementor-element-4c7fb35 e-flex e-con-boxed e-con e-parent\" data-id=\"4c7fb35\" data-element_type=\"container\" data-e-type=\"container\" data-settings=\"{&quot;background_background&quot;:&quot;classic&quot;}\">\n\t\t\t\t\t<div class=\"e-con-inner\">\n\t\t\t\t<div class=\"elementor-element elementor-element-4984871 elementor-widget elementor-widget-image\" data-id=\"4984871\" data-element_type=\"widget\" data-e-type=\"widget\" data-widget_type=\"image.default\">\n\t\t\t\t<div class=\"elementor-widget-container\">\n\t\t\t\t\t\t\t\t\t\t\t\t\t\t\t<img decoding=\"async\" width=\"110\" height=\"4\" src=\"https:\/\/www.hoteldelacite.com\/wp-content\/uploads\/2024\/02\/Groupe-525.svg\" class=\"attachment-full size-full wp-image-220\" alt=\"\" title=\"\">\t\t\t\t\t\t\t\t\t\t\t\t\t\t\t<\/div>\n\t\t\t\t<\/div>\n\t\t\t\t<div class=\"elementor-element elementor-element-ec68aa2 elementor-widget elementor-widget-heading\" data-id=\"ec68aa2\" data-element_type=\"widget\" data-e-type=\"widget\" data-widget_type=\"heading.default\">\n\t\t\t\t<div class=\"elementor-widget-container\">\n\t\t\t\t\t<h2 class=\"elementor-heading-title elementor-size-default\">Die verschiedenen Besuche<\/h2>\t\t\t\t<\/div>\n\t\t\t\t<\/div>\n\t\t\t\t<div class=\"elementor-element elementor-element-b08da96 elementor-widget elementor-widget-heading\" data-id=\"b08da96\" data-element_type=\"widget\" data-e-type=\"widget\" data-widget_type=\"heading.default\">\n\t\t\t\t<div class=\"elementor-widget-container\">\n\t\t\t\t\t<h3 class=\"elementor-heading-title elementor-size-default\">in der mittelalterlichen Stadt<\/h3>\t\t\t\t<\/div>\n\t\t\t\t<\/div>\n\t\t<div class=\"elementor-element elementor-element-d7765d1 e-con-full e-flex e-con e-child\" data-id=\"d7765d1\" data-element_type=\"container\" data-e-type=\"container\" data-settings=\"{&quot;background_background&quot;:&quot;classic&quot;}\">\n\t\t\t\t<div class=\"elementor-element elementor-element-343cc81 elementor-absolute elementor-widget elementor-widget-image\" data-id=\"343cc81\" data-element_type=\"widget\" data-e-type=\"widget\" data-settings=\"{&quot;_position&quot;:&quot;absolute&quot;}\" data-widget_type=\"image.default\">\n\t\t\t\t<div class=\"elementor-widget-container\">\n\t\t\t\t\t\t\t\t\t\t\t\t\t\t\t<img loading=\"lazy\" decoding=\"async\" width=\"410\" height=\"1353\" src=\"https:\/\/www.hoteldelacite.com\/wp-content\/uploads\/2024\/03\/Groupe-998-2x.png\" class=\"attachment-full size-full wp-image-929\" alt=\"\" srcset=\"https:\/\/www.hoteldelacite.com\/wp-content\/uploads\/2024\/03\/Groupe-998-2x.png 410w, https:\/\/www.hoteldelacite.com\/wp-content\/uploads\/2024\/03\/Groupe-998-2x-91x300.png 91w, https:\/\/www.hoteldelacite.com\/wp-content\/uploads\/2024\/03\/Groupe-998-2x-310x1024.png 310w, https:\/\/www.hoteldelacite.com\/wp-content\/uploads\/2024\/03\/Groupe-998-2x-4x12.png 4w\" sizes=\"(max-width: 410px) 100vw, 410px\" title=\"\">\t\t\t\t\t\t\t\t\t\t\t\t\t\t\t<\/div>\n\t\t\t\t<\/div>\n\t\t<div class=\"elementor-element elementor-element-521f076 e-con-full e-flex e-con e-child\" data-id=\"521f076\" data-element_type=\"container\" data-e-type=\"container\" data-settings=\"{&quot;background_background&quot;:&quot;classic&quot;}\">\n\t\t\t\t<div class=\"elementor-element elementor-element-b35343a elementor-widget elementor-widget-image\" data-id=\"b35343a\" data-element_type=\"widget\" data-e-type=\"widget\" data-widget_type=\"image.default\">\n\t\t\t\t<div class=\"elementor-widget-container\">\n\t\t\t\t\t\t\t\t\t\t\t\t\t\t\t<img decoding=\"async\" width=\"110\" height=\"4\" src=\"https:\/\/www.hoteldelacite.com\/wp-content\/uploads\/2024\/02\/Groupe-525.svg\" class=\"attachment-full size-full wp-image-220\" alt=\"\" title=\"\">\t\t\t\t\t\t\t\t\t\t\t\t\t\t\t<\/div>\n\t\t\t\t<\/div>\n\t\t\t\t<div class=\"elementor-element elementor-element-a248908 elementor-widget elementor-widget-heading\" data-id=\"a248908\" data-element_type=\"widget\" data-e-type=\"widget\" data-widget_type=\"heading.default\">\n\t\t\t\t<div class=\"elementor-widget-container\">\n\t\t\t\t\t<h2 class=\"elementor-heading-title elementor-size-default\">Die Stadt Carcassonne<\/h2>\t\t\t\t<\/div>\n\t\t\t\t<\/div>\n\t\t\t\t<div class=\"elementor-element elementor-element-64b770e elementor-widget elementor-widget-heading\" data-id=\"64b770e\" data-element_type=\"widget\" data-e-type=\"widget\" data-widget_type=\"heading.default\">\n\t\t\t\t<div class=\"elementor-widget-container\">\n\t\t\t\t\t<h3 class=\"elementor-heading-title elementor-size-default\">dort, wo die Geschichte widerhallt!<\/h3>\t\t\t\t<\/div>\n\t\t\t\t<\/div>\n\t\t\t\t<div class=\"elementor-element elementor-element-5128ee0 btn-border elementor-widget elementor-widget-button\" data-id=\"5128ee0\" data-element_type=\"widget\" data-e-type=\"widget\" data-widget_type=\"button.default\">\n\t\t\t\t<div class=\"elementor-widget-container\">\n\t\t\t\t\t\t\t\t\t<div class=\"elementor-button-wrapper\">\n\t\t\t\t\t<a class=\"elementor-button elementor-button-link elementor-size-sm\" href=\"https:\/\/reservation.tourisme-carcassonne.fr\/visites-guidees.html\" rel=\"nofollow noopener\" target=\"_blank\">\n\t\t\t\t\t\t<span class=\"elementor-button-content-wrapper\">\n\t\t\t\t\t\t\t\t\t<span class=\"elementor-button-text\">Mehr erfahren<\/span>\n\t\t\t\t\t<\/span>\n\t\t\t\t\t<\/a>\n\t\t\t\t<\/div>\n\t\t\t\t\t\t\t\t<\/div>\n\t\t\t\t<\/div>\n\t\t\t\t<\/div>\n\t\t<div class=\"elementor-element elementor-element-e93d205 e-con-full e-flex e-con e-child\" data-id=\"e93d205\" data-element_type=\"container\" data-e-type=\"container\">\n\t\t\t\t<div class=\"elementor-element elementor-element-c5ca289 elementor-widget__width-initial elementor-widget-tablet__width-inherit elementor-widget elementor-widget-text-editor\" data-id=\"c5ca289\" data-element_type=\"widget\" data-e-type=\"widget\" data-widget_type=\"text-editor.default\">\n\t\t\t\t<div class=\"elementor-widget-container\">\n\t\t\t\t\t\t\t\t\t<p>Ein Besuch in Carcassonne ist in erster Linie eine Reise in die Vergangenheit, eine Reise bis zu 2500 Jahre zur\u00fcck. Die auf einem H\u00fcgel gelegene mittelalterliche Stadt \u00fcberragt die gesamte Stadt und ist eines der am besten erhaltenen mittelalterlichen Ensembles der Welt. Entdecken Sie dieses Juwel unserer Geschichte und schlendern Sie durch die charmanten gepflasterten Gassen. Es ist ein wahres Eintauchen, eine R\u00fcckkehr ins Mittelalter.<\/p><p>\u00a0<\/p><p>F\u00fcr ein einzigartiges Erlebnis nehmen Sie an einer n\u00e4chtlichen Laternenf\u00fchrung durch die mittelalterliche Stadt teil. Nachts enth\u00fcllen sich die Geheimnisse und die Geschichte der beeindruckenden Stadtmauern in einem anderen Licht. Folgen Sie Ihrem Fremdenf\u00fchrer mit einer Lampe in der Hand und lassen Sie sich von der mystischen Atmosph\u00e4re dieser uralten Stadt verzaubern.<\/p>\t\t\t\t\t\t\t\t<\/div>\n\t\t\t\t<\/div>\n\t\t\t\t<\/div>\n\t\t\t\t<\/div>\n\t\t<div class=\"elementor-element elementor-element-9f8da76 e-con-full e-flex e-con e-child\" data-id=\"9f8da76\" data-element_type=\"container\" data-e-type=\"container\">\n\t\t<div class=\"elementor-element elementor-element-81e26db e-con-full e-flex e-con e-child\" data-id=\"81e26db\" data-element_type=\"container\" data-e-type=\"container\">\n\t\t\t\t<div class=\"elementor-element elementor-element-b19b0f5 elementor-widget__width-inherit elementor-widget elementor-widget-text-editor\" data-id=\"b19b0f5\" data-element_type=\"widget\" data-e-type=\"widget\" data-widget_type=\"text-editor.default\">\n\t\t\t\t<div class=\"elementor-widget-container\">\n\t\t\t\t\t\t\t\t\t<p>Das Ch\u00e2teau Comtal, das zum UNESCO-Weltkulturerbe geh\u00f6rt, ist das Herzst\u00fcck der Stadt. Die ersten Steine dieses Geb\u00e4udes wurden 1130 aus dem Boden gestampft, und im Laufe der Jahre ver\u00e4nderte sich sein Gesicht durch verschiedene Befestigungsanlagen. Im 13. Jahrhundert wurde der ehemalige Palast der Trencavel zum Grafenschloss umgebaut.\u00a0<\/p><p>Das Schloss wurde zwischen dem 17. und 19. Jahrhundert vernachl\u00e4ssigt und erstrahlt heute wieder in seinem alten Glanz. Es werden zahlreiche Besichtigungen organisiert, um mehr \u00fcber das Geb\u00e4ude und seine Rolle in der franz\u00f6sischen Geschichte zu erfahren.<\/p>\t\t\t\t\t\t\t\t<\/div>\n\t\t\t\t<\/div>\n\t\t\t\t<div class=\"elementor-element elementor-element-5951700 btn-border elementor-widget elementor-widget-button\" data-id=\"5951700\" data-element_type=\"widget\" data-e-type=\"widget\" data-widget_type=\"button.default\">\n\t\t\t\t<div class=\"elementor-widget-container\">\n\t\t\t\t\t\t\t\t\t<div class=\"elementor-button-wrapper\">\n\t\t\t\t\t<a class=\"elementor-button elementor-button-link elementor-size-sm\" href=\"https:\/\/www.remparts-carcassonne.fr\/\" rel=\"nofollow noopener\" target=\"_blank\">\n\t\t\t\t\t\t<span class=\"elementor-button-content-wrapper\">\n\t\t\t\t\t\t\t\t\t<span class=\"elementor-button-text\">Mehr erfahren<\/span>\n\t\t\t\t\t<\/span>\n\t\t\t\t\t<\/a>\n\t\t\t\t<\/div>\n\t\t\t\t\t\t\t\t<\/div>\n\t\t\t\t<\/div>\n\t\t\t\t<\/div>\n\t\t<div class=\"elementor-element elementor-element-58ed60d e-con-full e-flex e-con e-child\" data-id=\"58ed60d\" data-element_type=\"container\" data-e-type=\"container\" data-settings=\"{&quot;background_background&quot;:&quot;classic&quot;}\">\n\t\t\t\t<div class=\"elementor-element elementor-element-533c6f7 elementor-widget elementor-widget-image\" data-id=\"533c6f7\" data-element_type=\"widget\" data-e-type=\"widget\" data-widget_type=\"image.default\">\n\t\t\t\t<div class=\"elementor-widget-container\">\n\t\t\t\t\t\t\t\t\t\t\t\t\t\t\t<img decoding=\"async\" width=\"110\" height=\"4\" src=\"https:\/\/www.hoteldelacite.com\/wp-content\/uploads\/2024\/02\/Groupe-525.svg\" class=\"attachment-full size-full wp-image-220\" alt=\"\" title=\"\">\t\t\t\t\t\t\t\t\t\t\t\t\t\t\t<\/div>\n\t\t\t\t<\/div>\n\t\t\t\t<div class=\"elementor-element elementor-element-d1a77fb elementor-widget elementor-widget-heading\" data-id=\"d1a77fb\" data-element_type=\"widget\" data-e-type=\"widget\" data-widget_type=\"heading.default\">\n\t\t\t\t<div class=\"elementor-widget-container\">\n\t\t\t\t\t<h2 class=\"elementor-heading-title elementor-size-default\">Das Grafenschloss <\/h2>\t\t\t\t<\/div>\n\t\t\t\t<\/div>\n\t\t\t\t<div class=\"elementor-element elementor-element-4f15d19 elementor-widget elementor-widget-heading\" data-id=\"4f15d19\" data-element_type=\"widget\" data-e-type=\"widget\" data-widget_type=\"heading.default\">\n\t\t\t\t<div class=\"elementor-widget-container\">\n\t\t\t\t\t<h3 class=\"elementor-heading-title elementor-size-default\">Im Herzen der Stadt<\/h3>\t\t\t\t<\/div>\n\t\t\t\t<\/div>\n\t\t\t\t<div class=\"elementor-element elementor-element-7afbb7c elementor-absolute elementor-widget elementor-widget-image\" data-id=\"7afbb7c\" data-element_type=\"widget\" data-e-type=\"widget\" data-settings=\"{&quot;_position&quot;:&quot;absolute&quot;}\" data-widget_type=\"image.default\">\n\t\t\t\t<div class=\"elementor-widget-container\">\n\t\t\t\t\t\t\t\t\t\t\t\t\t\t\t<img loading=\"lazy\" decoding=\"async\" width=\"410\" height=\"1353\" src=\"https:\/\/www.hoteldelacite.com\/wp-content\/uploads\/2024\/03\/Groupe-998-2x.png\" class=\"attachment-full size-full wp-image-929\" alt=\"\" srcset=\"https:\/\/www.hoteldelacite.com\/wp-content\/uploads\/2024\/03\/Groupe-998-2x.png 410w, https:\/\/www.hoteldelacite.com\/wp-content\/uploads\/2024\/03\/Groupe-998-2x-91x300.png 91w, https:\/\/www.hoteldelacite.com\/wp-content\/uploads\/2024\/03\/Groupe-998-2x-310x1024.png 310w, https:\/\/www.hoteldelacite.com\/wp-content\/uploads\/2024\/03\/Groupe-998-2x-4x12.png 4w\" sizes=\"(max-width: 410px) 100vw, 410px\" title=\"\">\t\t\t\t\t\t\t\t\t\t\t\t\t\t\t<\/div>\n\t\t\t\t<\/div>\n\t\t\t\t<\/div>\n\t\t\t\t<\/div>\n\t\t<div class=\"elementor-element elementor-element-74585c9 e-con-full e-flex e-con e-child\" data-id=\"74585c9\" data-element_type=\"container\" data-e-type=\"container\" data-settings=\"{&quot;background_background&quot;:&quot;classic&quot;}\">\n\t\t\t\t<div class=\"elementor-element elementor-element-c30edc3 elementor-absolute elementor-widget elementor-widget-image\" data-id=\"c30edc3\" data-element_type=\"widget\" data-e-type=\"widget\" data-settings=\"{&quot;_position&quot;:&quot;absolute&quot;}\" data-widget_type=\"image.default\">\n\t\t\t\t<div class=\"elementor-widget-container\">\n\t\t\t\t\t\t\t\t\t\t\t\t\t\t\t<img loading=\"lazy\" decoding=\"async\" width=\"410\" height=\"1353\" src=\"https:\/\/www.hoteldelacite.com\/wp-content\/uploads\/2024\/03\/Groupe-998-2x.png\" class=\"attachment-full size-full wp-image-929\" alt=\"\" srcset=\"https:\/\/www.hoteldelacite.com\/wp-content\/uploads\/2024\/03\/Groupe-998-2x.png 410w, https:\/\/www.hoteldelacite.com\/wp-content\/uploads\/2024\/03\/Groupe-998-2x-91x300.png 91w, https:\/\/www.hoteldelacite.com\/wp-content\/uploads\/2024\/03\/Groupe-998-2x-310x1024.png 310w, https:\/\/www.hoteldelacite.com\/wp-content\/uploads\/2024\/03\/Groupe-998-2x-4x12.png 4w\" sizes=\"(max-width: 410px) 100vw, 410px\" title=\"\">\t\t\t\t\t\t\t\t\t\t\t\t\t\t\t<\/div>\n\t\t\t\t<\/div>\n\t\t<div class=\"elementor-element elementor-element-8dcb027 e-con-full e-flex e-con e-child\" data-id=\"8dcb027\" data-element_type=\"container\" data-e-type=\"container\" data-settings=\"{&quot;background_background&quot;:&quot;classic&quot;}\">\n\t\t\t\t<div class=\"elementor-element elementor-element-3b071ee elementor-widget elementor-widget-image\" data-id=\"3b071ee\" data-element_type=\"widget\" data-e-type=\"widget\" data-widget_type=\"image.default\">\n\t\t\t\t<div class=\"elementor-widget-container\">\n\t\t\t\t\t\t\t\t\t\t\t\t\t\t\t<img decoding=\"async\" width=\"110\" height=\"4\" src=\"https:\/\/www.hoteldelacite.com\/wp-content\/uploads\/2024\/02\/Groupe-525.svg\" class=\"attachment-full size-full wp-image-220\" alt=\"\" title=\"\">\t\t\t\t\t\t\t\t\t\t\t\t\t\t\t<\/div>\n\t\t\t\t<\/div>\n\t\t\t\t<div class=\"elementor-element elementor-element-3977271 elementor-widget elementor-widget-heading\" data-id=\"3977271\" data-element_type=\"widget\" data-e-type=\"widget\" data-widget_type=\"heading.default\">\n\t\t\t\t<div class=\"elementor-widget-container\">\n\t\t\t\t\t<h2 class=\"elementor-heading-title elementor-size-default\">Das Mittelalterliche Lager<\/h2>\t\t\t\t<\/div>\n\t\t\t\t<\/div>\n\t\t\t\t<div class=\"elementor-element elementor-element-c324ab8 elementor-widget elementor-widget-heading\" data-id=\"c324ab8\" data-element_type=\"widget\" data-e-type=\"widget\" data-widget_type=\"heading.default\">\n\t\t\t\t<div class=\"elementor-widget-container\">\n\t\t\t\t\t<h3 class=\"elementor-heading-title elementor-size-default\">Im Herzen meiner Stadt gelegen<\/h3>\t\t\t\t<\/div>\n\t\t\t\t<\/div>\n\t\t\t\t<div class=\"elementor-element elementor-element-8f4c177 btn-border elementor-widget elementor-widget-button\" data-id=\"8f4c177\" data-element_type=\"widget\" data-e-type=\"widget\" data-widget_type=\"button.default\">\n\t\t\t\t<div class=\"elementor-widget-container\">\n\t\t\t\t\t\t\t\t\t<div class=\"elementor-button-wrapper\">\n\t\t\t\t\t<a class=\"elementor-button elementor-button-link elementor-size-sm\" href=\"https:\/\/www.tourisme-carcassonne.fr\/toutes-les-experiences\/camp-medieval\/\" rel=\"nofollow noopener\" target=\"_blank\">\n\t\t\t\t\t\t<span class=\"elementor-button-content-wrapper\">\n\t\t\t\t\t\t\t\t\t<span class=\"elementor-button-text\">Mehr erfahren<\/span>\n\t\t\t\t\t<\/span>\n\t\t\t\t\t<\/a>\n\t\t\t\t<\/div>\n\t\t\t\t\t\t\t\t<\/div>\n\t\t\t\t<\/div>\n\t\t\t\t<\/div>\n\t\t<div class=\"elementor-element elementor-element-c957366 e-con-full e-flex e-con e-child\" data-id=\"c957366\" data-element_type=\"container\" data-e-type=\"container\">\n\t\t\t\t<div class=\"elementor-element elementor-element-add3d14 elementor-widget__width-initial elementor-widget-tablet__width-inherit elementor-widget elementor-widget-text-editor\" data-id=\"add3d14\" data-element_type=\"widget\" data-e-type=\"widget\" data-widget_type=\"text-editor.default\">\n\t\t\t\t<div class=\"elementor-widget-container\">\n\t\t\t\t\t\t\t\t\t<p class=\"\" data-start=\"0\" data-end=\"308\">Tauchen Sie ein in das Herz der mittelalterlichen Stadt Carcassonne und entdecken Sie ein authentisches mittelalterliches Lager, das das Leben eines Herrschers nachstellt, der unterwegs ist, um seine Untertanen zu treffen. Dieser immersive Ort bietet historische Animationen, p\u00e4dagogische Workshops und Vorf\u00fchrungen mittelalterlicher K\u00fcnste.<\/p><p class=\"\" data-start=\"310\" data-end=\"627\">Verpassen Sie nicht die Mittelalterlichen Workshops, die jeden Mittwoch, am Wochenende und jeden Tag w\u00e4hrend der Schulferien stattfinden. Diese Veranstaltung ist ideal f\u00fcr Kinder von 6 bis 11 Jahren und erm\u00f6glicht ihnen, sich mit den Berufen und Fertigkeiten des Mittelalters vertraut zu machen, w\u00e4hrend sie gleichzeitig eine spielerische und lehrreiche Erfahrung machen.<\/p><p class=\"\" data-start=\"629\" data-end=\"799\">Erkunden Sie mit Ihrer Familie die faszinierende Welt des Mittelalters in der Cit\u00e9 de Carcassonne, einem Muss f\u00fcr alle, die sich f\u00fcr Geschichte und das Kulturerbe interessieren!<\/p>\t\t\t\t\t\t\t\t<\/div>\n\t\t\t\t<\/div>\n\t\t\t\t<\/div>\n\t\t\t\t<\/div>\n\t\t\t\t\t<\/div>\n\t\t\t\t<\/div>\n\t\t<div class=\"elementor-element elementor-element-6697909 e-flex e-con-boxed e-con e-parent\" data-id=\"6697909\" data-element_type=\"container\" data-e-type=\"container\">\n\t\t\t\t\t<div class=\"e-con-inner\">\n\t\t<div class=\"elementor-element elementor-element-f25aeab e-con-full e-flex e-con e-child\" data-id=\"f25aeab\" data-element_type=\"container\" data-e-type=\"container\">\n\t\t\t\t<div class=\"elementor-element elementor-element-3d83b95 elementor-widget elementor-widget-image\" data-id=\"3d83b95\" data-element_type=\"widget\" data-e-type=\"widget\" data-widget_type=\"image.default\">\n\t\t\t\t<div class=\"elementor-widget-container\">\n\t\t\t\t\t\t\t\t\t\t\t\t\t\t\t<img decoding=\"async\" width=\"110\" height=\"4\" src=\"https:\/\/www.hoteldelacite.com\/wp-content\/uploads\/2024\/02\/Groupe-525.svg\" class=\"attachment-full size-full wp-image-220\" alt=\"\" title=\"\">\t\t\t\t\t\t\t\t\t\t\t\t\t\t\t<\/div>\n\t\t\t\t<\/div>\n\t\t\t\t<div class=\"elementor-element elementor-element-9fa466a elementor-widget elementor-widget-heading\" data-id=\"9fa466a\" data-element_type=\"widget\" data-e-type=\"widget\" data-widget_type=\"heading.default\">\n\t\t\t\t<div class=\"elementor-widget-container\">\n\t\t\t\t\t<h2 class=\"elementor-heading-title elementor-size-default\">Die Besucherkarte<\/h2>\t\t\t\t<\/div>\n\t\t\t\t<\/div>\n\t\t\t\t<\/div>\n\t\t<div class=\"elementor-element elementor-element-65b6c2b e-con-full e-flex e-con e-child\" data-id=\"65b6c2b\" data-element_type=\"container\" data-e-type=\"container\">\n\t\t\t\t<div class=\"elementor-element elementor-element-bfd1e4f elementor-widget elementor-widget-google_maps\" data-id=\"bfd1e4f\" data-element_type=\"widget\" data-e-type=\"widget\" data-widget_type=\"google_maps.default\">\n\t\t\t\t<div class=\"elementor-widget-container\">\n\t\t\t\t\t\t\t<div class=\"elementor-custom-embed\">\n\t\t\t<iframe loading=\"lazy\"\n\t\t\t\t\tsrc=\"https:\/\/maps.google.com\/maps?q=Carcassonne%20Cit%C3%A9%20M%C3%A9di%C3%A9vale&#038;t=m&#038;z=13&#038;output=embed&#038;iwloc=near\"\n\t\t\t\t\ttitle=\"Carcassonne Cit\u00e9 M\u00e9di\u00e9vale (Mittelalterliche Stadt)\"\n\t\t\t\t\taria-label=\"Carcassonne Cit\u00e9 M\u00e9di\u00e9vale (Mittelalterliche Stadt)\"\n\t\t\t><\/iframe>\n\t\t<\/div>\n\t\t\t\t\t\t<\/div>\n\t\t\t\t<\/div>\n\t\t\t\t<\/div>\n\t\t\t\t\t<\/div>\n\t\t\t\t<\/div>\n\t\t\t\t<\/div>","protected":false},"excerpt":{"rendered":"<p>La Cit\u00e9 M\u00e9di\u00e9vale Les diff\u00e9rentes visites dans la cit\u00e9 m\u00e9di\u00e9vale La Cit\u00e9 de Carcassonne l\u00e0 o\u00f9 l\u2019histoire r\u00e9sonne ! En savoir plus Faire des visites autour de Carcassonne, c\u2019est d\u2019abord faire un voyage dans le pass\u00e9, un retour jusqu\u2019\u00e0 2500 ans en arri\u00e8re. Nich\u00e9e au sommet d\u2019une colline, la Cit\u00e9 m\u00e9di\u00e9vale domine toute la ville [&hellip;]<\/p>\n","protected":false},"author":15,"featured_media":802,"parent":85,"menu_order":0,"comment_status":"closed","ping_status":"closed","template":"","meta":{"inline_featured_image":false,"footnotes":""},"class_list":["post-2446","page","type-page","status-publish","has-post-thumbnail","hentry"],"_links":{"self":[{"href":"https:\/\/www.hoteldelacite.com\/de\/wp-json\/wp\/v2\/pages\/2446","targetHints":{"allow":["GET"]}}],"collection":[{"href":"https:\/\/www.hoteldelacite.com\/de\/wp-json\/wp\/v2\/pages"}],"about":[{"href":"https:\/\/www.hoteldelacite.com\/de\/wp-json\/wp\/v2\/types\/page"}],"author":[{"embeddable":true,"href":"https:\/\/www.hoteldelacite.com\/de\/wp-json\/wp\/v2\/users\/15"}],"replies":[{"embeddable":true,"href":"https:\/\/www.hoteldelacite.com\/de\/wp-json\/wp\/v2\/comments?post=2446"}],"version-history":[{"count":5,"href":"https:\/\/www.hoteldelacite.com\/de\/wp-json\/wp\/v2\/pages\/2446\/revisions"}],"predecessor-version":[{"id":2569,"href":"https:\/\/www.hoteldelacite.com\/de\/wp-json\/wp\/v2\/pages\/2446\/revisions\/2569"}],"up":[{"embeddable":true,"href":"https:\/\/www.hoteldelacite.com\/de\/wp-json\/wp\/v2\/pages\/85"}],"wp:featuredmedia":[{"embeddable":true,"href":"https:\/\/www.hoteldelacite.com\/de\/wp-json\/wp\/v2\/media\/802"}],"wp:attachment":[{"href":"https:\/\/www.hoteldelacite.com\/de\/wp-json\/wp\/v2\/media?parent=2446"}],"curies":[{"name":"wp","href":"https:\/\/api.w.org\/{rel}","templated":true}]}}