{"id":79,"date":"2024-02-14T10:54:55","date_gmt":"2024-02-14T09:54:55","guid":{"rendered":"https:\/\/www.hoteldelacite.com\/?page_id=79"},"modified":"2024-05-15T15:23:58","modified_gmt":"2024-05-15T13:23:58","slug":"deguster-gourmet-restaurant-carcassonne","status":"publish","type":"page","link":"https:\/\/www.hoteldelacite.com\/de\/deguster-restaurant-gastronomique-carcassonne\/","title":{"rendered":"Verkosten"},"content":{"rendered":"<div data-elementor-type=\"wp-page\" data-elementor-id=\"79\" class=\"elementor elementor-79\" data-elementor-post-type=\"page\">\n\t\t\t\t<div class=\"elementor-element elementor-element-1651fb3 e-flex e-con-boxed e-con e-parent\" data-id=\"1651fb3\" data-element_type=\"container\" data-e-type=\"container\" data-settings=\"{&quot;background_background&quot;:&quot;classic&quot;}\">\n\t\t\t\t\t<div class=\"e-con-inner\">\n\t\t<div class=\"elementor-element elementor-element-384283c e-flex e-con-boxed e-con e-child\" data-id=\"384283c\" data-element_type=\"container\" data-e-type=\"container\">\n\t\t\t\t\t<div class=\"e-con-inner\">\n\t\t\t\t<div class=\"elementor-element elementor-element-dd4893e elementor-widget elementor-widget-image\" data-id=\"dd4893e\" data-element_type=\"widget\" data-e-type=\"widget\" data-widget_type=\"image.default\">\n\t\t\t\t<div class=\"elementor-widget-container\">\n\t\t\t\t\t\t\t\t\t\t\t\t\t\t\t<img decoding=\"async\" width=\"149\" height=\"67\" src=\"https:\/\/www.hoteldelacite.com\/wp-content\/uploads\/2024\/03\/Groupe-1010-1.svg\" class=\"attachment-full size-full wp-image-535\" alt=\"\" title=\"\">\t\t\t\t\t\t\t\t\t\t\t\t\t\t\t<\/div>\n\t\t\t\t<\/div>\n\t\t\t\t<div class=\"elementor-element elementor-element-2ed7059 elementor-widget elementor-widget-heading\" data-id=\"2ed7059\" data-element_type=\"widget\" data-e-type=\"widget\" data-widget_type=\"heading.default\">\n\t\t\t\t<div class=\"elementor-widget-container\">\n\t\t\t\t\t<h1 class=\"elementor-heading-title elementor-size-default\">Verkosten<\/h1>\t\t\t\t<\/div>\n\t\t\t\t<\/div>\n\t\t\t\t<div class=\"elementor-element elementor-element-5378f94 elementor-widget elementor-widget-image\" data-id=\"5378f94\" data-element_type=\"widget\" data-e-type=\"widget\" data-widget_type=\"image.default\">\n\t\t\t\t<div class=\"elementor-widget-container\">\n\t\t\t\t\t\t\t\t\t\t\t\t\t\t\t<img decoding=\"async\" width=\"48\" height=\"47\" src=\"https:\/\/www.hoteldelacite.com\/wp-content\/uploads\/2024\/03\/Trace-19684.svg\" class=\"attachment-full size-full wp-image-534\" alt=\"\" title=\"\">\t\t\t\t\t\t\t\t\t\t\t\t\t\t\t<\/div>\n\t\t\t\t<\/div>\n\t\t\t\t\t<\/div>\n\t\t\t\t<\/div>\n\t\t\t\t<div class=\"elementor-element elementor-element-b52a699 elementor-absolute elementor-widget elementor-widget-image\" data-id=\"b52a699\" data-element_type=\"widget\" data-e-type=\"widget\" data-settings=\"{&quot;_position&quot;:&quot;absolute&quot;}\" data-widget_type=\"image.default\">\n\t\t\t\t<div class=\"elementor-widget-container\">\n\t\t\t\t\t\t\t\t\t\t\t\t\t\t\t<img fetchpriority=\"high\" decoding=\"async\" width=\"285\" height=\"1072\" src=\"https:\/\/www.hoteldelacite.com\/wp-content\/uploads\/2024\/03\/Groupe-947.png\" class=\"attachment-full size-full wp-image-645\" alt=\"\" srcset=\"https:\/\/www.hoteldelacite.com\/wp-content\/uploads\/2024\/03\/Groupe-947.png 285w, https:\/\/www.hoteldelacite.com\/wp-content\/uploads\/2024\/03\/Groupe-947-80x300.png 80w, https:\/\/www.hoteldelacite.com\/wp-content\/uploads\/2024\/03\/Groupe-947-272x1024.png 272w, https:\/\/www.hoteldelacite.com\/wp-content\/uploads\/2024\/03\/Groupe-947-3x12.png 3w\" sizes=\"(max-width: 285px) 100vw, 285px\" title=\"\">\t\t\t\t\t\t\t\t\t\t\t\t\t\t\t<\/div>\n\t\t\t\t<\/div>\n\t\t\t\t\t<\/div>\n\t\t\t\t<\/div>\n\t\t<div class=\"elementor-element elementor-element-f50a1ca e-flex e-con-boxed e-con e-parent\" data-id=\"f50a1ca\" data-element_type=\"container\" data-e-type=\"container\" data-settings=\"{&quot;background_background&quot;:&quot;classic&quot;}\">\n\t\t\t\t\t<div class=\"e-con-inner\">\n\t\t<div class=\"elementor-element elementor-element-e67ff4a e-con-full elementor-hidden-tablet elementor-hidden-mobile e-flex e-con e-child\" data-id=\"e67ff4a\" data-element_type=\"container\" data-e-type=\"container\">\n\t\t\t\t<\/div>\n\t\t<div class=\"elementor-element elementor-element-5338428 e-con-full elementor-hidden-mobile e-flex e-con e-child\" data-id=\"5338428\" data-element_type=\"container\" data-e-type=\"container\">\n\t\t\t\t<\/div>\n\t\t<div class=\"elementor-element elementor-element-b21830a e-con-full e-flex e-con e-child\" data-id=\"b21830a\" data-element_type=\"container\" data-e-type=\"container\">\n\t\t\t\t<div class=\"elementor-element elementor-element-5313b77 elementor-widget elementor-widget-image\" data-id=\"5313b77\" data-element_type=\"widget\" data-e-type=\"widget\" data-widget_type=\"image.default\">\n\t\t\t\t<div class=\"elementor-widget-container\">\n\t\t\t\t\t\t\t\t\t\t\t\t\t\t\t<img loading=\"lazy\" decoding=\"async\" width=\"110\" height=\"4\" src=\"https:\/\/www.hoteldelacite.com\/wp-content\/uploads\/2024\/02\/Groupe-525.svg\" class=\"attachment-full size-full wp-image-220\" alt=\"\" title=\"\">\t\t\t\t\t\t\t\t\t\t\t\t\t\t\t<\/div>\n\t\t\t\t<\/div>\n\t\t\t\t<div class=\"elementor-element elementor-element-a765091 elementor-widget elementor-widget-heading\" data-id=\"a765091\" data-element_type=\"widget\" data-e-type=\"widget\" data-widget_type=\"heading.default\">\n\t\t\t\t<div class=\"elementor-widget-container\">\n\t\t\t\t\t<h3 class=\"elementor-heading-title elementor-size-default\">Restaurant<\/h3>\t\t\t\t<\/div>\n\t\t\t\t<\/div>\n\t\t\t\t<div class=\"elementor-element elementor-element-a45ac08 elementor-widget__width-initial elementor-widget elementor-widget-heading\" data-id=\"a45ac08\" data-element_type=\"widget\" data-e-type=\"widget\" data-widget_type=\"heading.default\">\n\t\t\t\t<div class=\"elementor-widget-container\">\n\t\t\t\t\t<h2 class=\"elementor-heading-title elementor-size-default\">Die Barbakane<\/h2>\t\t\t\t<\/div>\n\t\t\t\t<\/div>\n\t\t\t\t<div class=\"elementor-element elementor-element-face19a elementor-widget elementor-widget-text-editor\" data-id=\"face19a\" data-element_type=\"widget\" data-e-type=\"widget\" data-widget_type=\"text-editor.default\">\n\t\t\t\t<div class=\"elementor-widget-container\">\n\t\t\t\t\t\t\t\t\t<p>Das Barbacane bietet eine gro\u00dfe Auswahl an Gerichten, die alle mit Fantasie und K\u00f6nnen in einem von Charme und Eleganz erf\u00fcllten Ambiente kreiert wurden. Der K\u00fcchenchef, J\u00e9r\u00f4me Ryon, und der Chefpatissier, R\u00e9gis Chanel, legen den Schwerpunkt auf eine traditionelle K\u00fcche, die mit Raffinesse und Subtilit\u00e4t erneuert wird. \"La Barbacane\", ein renommiertes Gourmet-Restaurant in Carcassonne, erhielt im M\u00e4rz 2002 seinen ersten Michelin-Stern und h\u00e4lt seitdem das gleiche hervorragende Niveau.<\/p>\t\t\t\t\t\t\t\t<\/div>\n\t\t\t\t<\/div>\n\t\t\t\t<div class=\"elementor-element elementor-element-07a3445 btn-border elementor-widget elementor-widget-button\" data-id=\"07a3445\" data-element_type=\"widget\" data-e-type=\"widget\" data-widget_type=\"button.default\">\n\t\t\t\t<div class=\"elementor-widget-container\">\n\t\t\t\t\t\t\t\t\t<div class=\"elementor-button-wrapper\">\n\t\t\t\t\t<a class=\"elementor-button elementor-button-link elementor-size-sm\" href=\"https:\/\/www.restaurant-labarbacane.com\" target=\"_blank\" rel=\"nofollow noopener\">\n\t\t\t\t\t\t<span class=\"elementor-button-content-wrapper\">\n\t\t\t\t\t\t\t\t\t<span class=\"elementor-button-text\">Entdecken Sie<\/span>\n\t\t\t\t\t<\/span>\n\t\t\t\t\t<\/a>\n\t\t\t\t<\/div>\n\t\t\t\t\t\t\t\t<\/div>\n\t\t\t\t<\/div>\n\t\t\t\t<\/div>\n\t\t\t\t\t<\/div>\n\t\t\t\t<\/div>\n\t\t<div class=\"elementor-element elementor-element-1c6d920 sec-bar-bibli e-flex e-con-boxed e-con e-parent\" data-id=\"1c6d920\" data-element_type=\"container\" data-e-type=\"container\">\n\t\t\t\t\t<div class=\"e-con-inner\">\n\t\t<div class=\"elementor-element elementor-element-952ad81 e-con-full e-flex e-con e-child\" data-id=\"952ad81\" data-element_type=\"container\" data-e-type=\"container\">\n\t\t\t\t<div class=\"elementor-element elementor-element-57a0de9 bar-bibli-content elementor-widget elementor-widget-image\" data-id=\"57a0de9\" data-element_type=\"widget\" data-e-type=\"widget\" data-widget_type=\"image.default\">\n\t\t\t\t<div class=\"elementor-widget-container\">\n\t\t\t\t\t\t\t\t\t\t\t\t\t\t\t<img loading=\"lazy\" decoding=\"async\" width=\"110\" height=\"4\" src=\"https:\/\/www.hoteldelacite.com\/wp-content\/uploads\/2024\/02\/Groupe-525.svg\" class=\"attachment-full size-full wp-image-220\" alt=\"\" title=\"\">\t\t\t\t\t\t\t\t\t\t\t\t\t\t\t<\/div>\n\t\t\t\t<\/div>\n\t\t\t\t<div class=\"elementor-element elementor-element-1e4641b bar-bibli-content elementor-widget elementor-widget-heading\" data-id=\"1e4641b\" data-element_type=\"widget\" data-e-type=\"widget\" data-widget_type=\"heading.default\">\n\t\t\t\t<div class=\"elementor-widget-container\">\n\t\t\t\t\t<h2 class=\"elementor-heading-title elementor-size-default\">Die Bibliotheksbar<\/h2>\t\t\t\t<\/div>\n\t\t\t\t<\/div>\n\t\t\t\t<div class=\"elementor-element elementor-element-e7b1db5 bar-bibli-content elementor-widget elementor-widget-heading\" data-id=\"e7b1db5\" data-element_type=\"widget\" data-e-type=\"widget\" data-widget_type=\"heading.default\">\n\t\t\t\t<div class=\"elementor-widget-container\">\n\t\t\t\t\t<h3 class=\"elementor-heading-title elementor-size-default\">sich Zeit f\u00fcr sich selbst nehmen<\/h3>\t\t\t\t<\/div>\n\t\t\t\t<\/div>\n\t\t\t\t<div class=\"elementor-element elementor-element-c9d1126 bar-bibli-content elementor-widget elementor-widget-text-editor\" data-id=\"c9d1126\" data-element_type=\"widget\" data-e-type=\"widget\" data-widget_type=\"text-editor.default\">\n\t\t\t\t<div class=\"elementor-widget-container\">\n\t\t\t\t\t\t\t\t\t<p>In einem ultraged\u00e4mpften Rahmen strahlt diese Bar eine einzigartige Atmosph\u00e4re aus. Unser Chef-Barkeeper und sein Team sind bereit, Sie in die Geschichte einzuf\u00fchren, sie Ihnen zu erz\u00e4hlen und Sie zum Tr\u00e4umen zu bringen. Diese Getr\u00e4nkemacher pr\u00e4sentieren Ihnen je nach Jahreszeit alle ihre farbenfrohen Kreationen zur Freude ihrer G\u00e4ste. Wenn die Sonne scheint, l\u00e4dt die Bar Biblioth\u00e8que in die G\u00e4rten des Hotels ein, um ein entspanntes und heiteres Erlebnis inmitten der Natur zu genie\u00dfen.<\/p>\t\t\t\t\t\t\t\t<\/div>\n\t\t\t\t<\/div>\n\t\t\t\t<div class=\"elementor-element elementor-element-e28c775 btn-border bar-bibli-btn elementor-widget elementor-widget-button\" data-id=\"e28c775\" data-element_type=\"widget\" data-e-type=\"widget\" data-widget_type=\"button.default\">\n\t\t\t\t<div class=\"elementor-widget-container\">\n\t\t\t\t\t\t\t\t\t<div class=\"elementor-button-wrapper\">\n\t\t\t\t\t<a class=\"elementor-button elementor-button-link elementor-size-sm\" href=\"https:\/\/www.hoteldelacite.com\/de\/deguster-restaurant-gastronomique-carcassonne\/bar-bibliotheque\/\">\n\t\t\t\t\t\t<span class=\"elementor-button-content-wrapper\">\n\t\t\t\t\t\t\t\t\t<span class=\"elementor-button-text\">Entdecken Sie<\/span>\n\t\t\t\t\t<\/span>\n\t\t\t\t\t<\/a>\n\t\t\t\t<\/div>\n\t\t\t\t\t\t\t\t<\/div>\n\t\t\t\t<\/div>\n\t\t\t\t<\/div>\n\t\t<div class=\"elementor-element elementor-element-ddedee9 e-con-full e-flex e-con e-child\" data-id=\"ddedee9\" data-element_type=\"container\" data-e-type=\"container\">\n\t\t\t\t<div class=\"elementor-element elementor-element-e5715a4 bar-bibli-photo elementor-widget elementor-widget-image\" data-id=\"e5715a4\" data-element_type=\"widget\" data-e-type=\"widget\" data-widget_type=\"image.default\">\n\t\t\t\t<div class=\"elementor-widget-container\">\n\t\t\t\t\t\t\t\t\t\t\t\t\t\t\t<img loading=\"lazy\" decoding=\"async\" width=\"579\" height=\"869\" src=\"https:\/\/www.hoteldelacite.com\/wp-content\/uploads\/2024\/05\/HDC-79.jpg\" class=\"attachment-full size-full wp-image-1789\" alt=\"\" srcset=\"https:\/\/www.hoteldelacite.com\/wp-content\/uploads\/2024\/05\/HDC-79.jpg 579w, https:\/\/www.hoteldelacite.com\/wp-content\/uploads\/2024\/05\/HDC-79-200x300.jpg 200w, https:\/\/www.hoteldelacite.com\/wp-content\/uploads\/2024\/05\/HDC-79-8x12.jpg 8w\" sizes=\"(max-width: 579px) 100vw, 579px\" title=\"\">\t\t\t\t\t\t\t\t\t\t\t\t\t\t\t<\/div>\n\t\t\t\t<\/div>\n\t\t\t\t<div class=\"elementor-element elementor-element-102a965 elementor-absolute elementor-widget elementor-widget-image\" data-id=\"102a965\" data-element_type=\"widget\" data-e-type=\"widget\" data-settings=\"{&quot;_position&quot;:&quot;absolute&quot;}\" data-widget_type=\"image.default\">\n\t\t\t\t<div class=\"elementor-widget-container\">\n\t\t\t\t\t\t\t\t\t\t\t\t\t\t\t<img loading=\"lazy\" decoding=\"async\" width=\"79\" height=\"1178\" src=\"https:\/\/www.hoteldelacite.com\/wp-content\/uploads\/2024\/02\/Groupe-536.svg\" class=\"attachment-full size-full wp-image-219\" alt=\"\" title=\"\">\t\t\t\t\t\t\t\t\t\t\t\t\t\t\t<\/div>\n\t\t\t\t<\/div>\n\t\t\t\t<\/div>\n\t\t\t\t\t<\/div>\n\t\t\t\t<\/div>\n\t\t<div class=\"elementor-element elementor-element-ab97b9d e-con-full home-sec-one e-flex e-con e-parent\" data-id=\"ab97b9d\" data-element_type=\"container\" data-e-type=\"container\" data-settings=\"{&quot;background_background&quot;:&quot;classic&quot;}\">\n\t\t<div class=\"elementor-element elementor-element-fddde99 e-con-full col-home-sec-one e-flex e-con e-child\" data-id=\"fddde99\" data-element_type=\"container\" data-e-type=\"container\">\n\t\t\t\t<div class=\"elementor-element elementor-element-30e2e06 img-home-sec-one elementor-widget elementor-widget-image\" data-id=\"30e2e06\" data-element_type=\"widget\" data-e-type=\"widget\" data-widget_type=\"image.default\">\n\t\t\t\t<div class=\"elementor-widget-container\">\n\t\t\t\t\t\t\t\t\t\t\t\t\t\t\t<img loading=\"lazy\" decoding=\"async\" width=\"1766\" height=\"1179\" src=\"https:\/\/www.hoteldelacite.com\/wp-content\/uploads\/2024\/03\/Vauban-Patisserie-Hotel-de-la-cite.jpg\" class=\"attachment-full size-full wp-image-691\" alt=\"\" srcset=\"https:\/\/www.hoteldelacite.com\/wp-content\/uploads\/2024\/03\/Vauban-Patisserie-Hotel-de-la-cite.jpg 1766w, https:\/\/www.hoteldelacite.com\/wp-content\/uploads\/2024\/03\/Vauban-Patisserie-Hotel-de-la-cite-300x200.jpg 300w, https:\/\/www.hoteldelacite.com\/wp-content\/uploads\/2024\/03\/Vauban-Patisserie-Hotel-de-la-cite-1024x684.jpg 1024w, https:\/\/www.hoteldelacite.com\/wp-content\/uploads\/2024\/03\/Vauban-Patisserie-Hotel-de-la-cite-768x513.jpg 768w, https:\/\/www.hoteldelacite.com\/wp-content\/uploads\/2024\/03\/Vauban-Patisserie-Hotel-de-la-cite-1536x1025.jpg 1536w, https:\/\/www.hoteldelacite.com\/wp-content\/uploads\/2024\/03\/Vauban-Patisserie-Hotel-de-la-cite-18x12.jpg 18w\" sizes=\"(max-width: 1766px) 100vw, 1766px\" title=\"\">\t\t\t\t\t\t\t\t\t\t\t\t\t\t\t<\/div>\n\t\t\t\t<\/div>\n\t\t\t\t<div class=\"elementor-element elementor-element-6a20a5b img-home-sec-one elementor-hidden-tablet elementor-hidden-mobile elementor-widget elementor-widget-image\" data-id=\"6a20a5b\" data-element_type=\"widget\" data-e-type=\"widget\" data-widget_type=\"image.default\">\n\t\t\t\t<div class=\"elementor-widget-container\">\n\t\t\t\t\t\t\t\t\t\t\t\t\t\t\t<img loading=\"lazy\" decoding=\"async\" width=\"1766\" height=\"1179\" src=\"https:\/\/www.hoteldelacite.com\/wp-content\/uploads\/2024\/03\/Vauban-Patisserie-2-Hotel-de-la-cite.jpg\" class=\"attachment-full size-full wp-image-692\" alt=\"\" srcset=\"https:\/\/www.hoteldelacite.com\/wp-content\/uploads\/2024\/03\/Vauban-Patisserie-2-Hotel-de-la-cite.jpg 1766w, https:\/\/www.hoteldelacite.com\/wp-content\/uploads\/2024\/03\/Vauban-Patisserie-2-Hotel-de-la-cite-300x200.jpg 300w, https:\/\/www.hoteldelacite.com\/wp-content\/uploads\/2024\/03\/Vauban-Patisserie-2-Hotel-de-la-cite-1024x684.jpg 1024w, https:\/\/www.hoteldelacite.com\/wp-content\/uploads\/2024\/03\/Vauban-Patisserie-2-Hotel-de-la-cite-768x513.jpg 768w, https:\/\/www.hoteldelacite.com\/wp-content\/uploads\/2024\/03\/Vauban-Patisserie-2-Hotel-de-la-cite-1536x1025.jpg 1536w, https:\/\/www.hoteldelacite.com\/wp-content\/uploads\/2024\/03\/Vauban-Patisserie-2-Hotel-de-la-cite-18x12.jpg 18w\" sizes=\"(max-width: 1766px) 100vw, 1766px\" title=\"\">\t\t\t\t\t\t\t\t\t\t\t\t\t\t\t<\/div>\n\t\t\t\t<\/div>\n\t\t\t\t<\/div>\n\t\t<div class=\"elementor-element elementor-element-fc85a34 e-con-full e-flex e-con e-child\" data-id=\"fc85a34\" data-element_type=\"container\" data-e-type=\"container\">\n\t\t\t\t<div class=\"elementor-element elementor-element-db861e9 elementor-widget elementor-widget-image\" data-id=\"db861e9\" data-element_type=\"widget\" data-e-type=\"widget\" data-widget_type=\"image.default\">\n\t\t\t\t<div class=\"elementor-widget-container\">\n\t\t\t\t\t\t\t\t\t\t\t\t\t\t\t<img loading=\"lazy\" decoding=\"async\" width=\"110\" height=\"4\" src=\"https:\/\/www.hoteldelacite.com\/wp-content\/uploads\/2024\/02\/Groupe-525.svg\" class=\"attachment-full size-full wp-image-220\" alt=\"\" title=\"\">\t\t\t\t\t\t\t\t\t\t\t\t\t\t\t<\/div>\n\t\t\t\t<\/div>\n\t\t\t\t<div class=\"elementor-element elementor-element-cdd25dd elementor-widget elementor-widget-heading\" data-id=\"cdd25dd\" data-element_type=\"widget\" data-e-type=\"widget\" data-widget_type=\"heading.default\">\n\t\t\t\t<div class=\"elementor-widget-container\">\n\t\t\t\t\t<h1 class=\"elementor-heading-title elementor-size-default\">Boulangerie de la cit\u00e9 (B\u00e4ckerei der Stadt)<\/h1>\t\t\t\t<\/div>\n\t\t\t\t<\/div>\n\t\t\t\t<div class=\"elementor-element elementor-element-6beaf6f elementor-widget__width-inherit elementor-widget elementor-widget-heading\" data-id=\"6beaf6f\" data-element_type=\"widget\" data-e-type=\"widget\" data-widget_type=\"heading.default\">\n\t\t\t\t<div class=\"elementor-widget-container\">\n\t\t\t\t\t<h3 class=\"elementor-heading-title elementor-size-default\">Lebensort Zitadelle<\/h3>\t\t\t\t<\/div>\n\t\t\t\t<\/div>\n\t\t\t\t<div class=\"elementor-element elementor-element-59bd61f elementor-widget elementor-widget-text-editor\" data-id=\"59bd61f\" data-element_type=\"widget\" data-e-type=\"widget\" data-widget_type=\"text-editor.default\">\n\t\t\t\t<div class=\"elementor-widget-container\">\n\t\t\t\t\t\t\t\t\t<p>Mit ihrem Innenraum und ihrer Terrasse ist die Boulangerie de la Cit\u00e9 ein Muss in der mittelalterlichen Stadt. Als echter Ort des Lebens findet man hier ein vielf\u00e4ltiges und raffiniertes Angebot, das vom Teesalon bis zu den Konditoreien, vom Lebensmittelgesch\u00e4ft bis zum guten Brot reicht.<\/p>\t\t\t\t\t\t\t\t<\/div>\n\t\t\t\t<\/div>\n\t\t\t\t<div class=\"elementor-element elementor-element-b7c48b0 btn-border elementor-widget elementor-widget-button\" data-id=\"b7c48b0\" data-element_type=\"widget\" data-e-type=\"widget\" data-widget_type=\"button.default\">\n\t\t\t\t<div class=\"elementor-widget-container\">\n\t\t\t\t\t\t\t\t\t<div class=\"elementor-button-wrapper\">\n\t\t\t\t\t<a class=\"elementor-button elementor-button-link elementor-size-sm\" href=\"https:\/\/www.hoteldelacite.com\/de\/deguster-restaurant-gastronomique-carcassonne\/boulangerie-de-la-cite\/\">\n\t\t\t\t\t\t<span class=\"elementor-button-content-wrapper\">\n\t\t\t\t\t\t\t\t\t<span class=\"elementor-button-text\">Entdecken Sie<\/span>\n\t\t\t\t\t<\/span>\n\t\t\t\t\t<\/a>\n\t\t\t\t<\/div>\n\t\t\t\t\t\t\t\t<\/div>\n\t\t\t\t<\/div>\n\t\t\t\t<\/div>\n\t\t\t\t<\/div>\n\t\t<div class=\"elementor-element elementor-element-89b827f sec-equipe e-flex e-con-boxed e-con e-parent\" data-id=\"89b827f\" data-element_type=\"container\" data-e-type=\"container\" data-settings=\"{&quot;background_background&quot;:&quot;classic&quot;}\">\n\t\t\t\t\t<div class=\"e-con-inner\">\n\t\t<div class=\"elementor-element elementor-element-e88f1fc e-con-full e-flex e-con e-child\" data-id=\"e88f1fc\" data-element_type=\"container\" data-e-type=\"container\">\n\t\t\t\t<div class=\"elementor-element elementor-element-837f19c img-equipe elementor-widget elementor-widget-image\" data-id=\"837f19c\" data-element_type=\"widget\" data-e-type=\"widget\" data-widget_type=\"image.default\">\n\t\t\t\t<div class=\"elementor-widget-container\">\n\t\t\t\t\t\t\t\t\t\t\t\t\t\t\t<img loading=\"lazy\" decoding=\"async\" width=\"800\" height=\"534\" src=\"https:\/\/www.hoteldelacite.com\/wp-content\/uploads\/2024\/04\/reservation-hotel-cite-hotels-88575-1024x683.jpg\" class=\"attachment-large size-large wp-image-1571\" alt=\"\" srcset=\"https:\/\/www.hoteldelacite.com\/wp-content\/uploads\/2024\/04\/reservation-hotel-cite-hotels-88575-1024x683.jpg 1024w, https:\/\/www.hoteldelacite.com\/wp-content\/uploads\/2024\/04\/reservation-hotel-cite-hotels-88575-300x200.jpg 300w, https:\/\/www.hoteldelacite.com\/wp-content\/uploads\/2024\/04\/reservation-hotel-cite-hotels-88575-768x512.jpg 768w, https:\/\/www.hoteldelacite.com\/wp-content\/uploads\/2024\/04\/reservation-hotel-cite-hotels-88575-1536x1025.jpg 1536w, https:\/\/www.hoteldelacite.com\/wp-content\/uploads\/2024\/04\/reservation-hotel-cite-hotels-88575-18x12.jpg 18w, https:\/\/www.hoteldelacite.com\/wp-content\/uploads\/2024\/04\/reservation-hotel-cite-hotels-88575.jpg 1920w\" sizes=\"(max-width: 800px) 100vw, 800px\" title=\"\">\t\t\t\t\t\t\t\t\t\t\t\t\t\t\t<\/div>\n\t\t\t\t<\/div>\n\t\t<div class=\"elementor-element elementor-element-5997966 col-equipe-content e-flex e-con-boxed e-con e-child\" data-id=\"5997966\" data-element_type=\"container\" data-e-type=\"container\">\n\t\t\t\t\t<div class=\"e-con-inner\">\n\t\t\t\t<div class=\"elementor-element elementor-element-e242547 elementor-widget elementor-widget-image\" data-id=\"e242547\" data-element_type=\"widget\" data-e-type=\"widget\" data-widget_type=\"image.default\">\n\t\t\t\t<div class=\"elementor-widget-container\">\n\t\t\t\t\t\t\t\t\t\t\t\t\t\t\t<img loading=\"lazy\" decoding=\"async\" width=\"110\" height=\"4\" src=\"https:\/\/www.hoteldelacite.com\/wp-content\/uploads\/2024\/02\/Groupe-525.svg\" class=\"attachment-full size-full wp-image-220\" alt=\"\" title=\"\">\t\t\t\t\t\t\t\t\t\t\t\t\t\t\t<\/div>\n\t\t\t\t<\/div>\n\t\t\t\t<div class=\"elementor-element elementor-element-653c37b elementor-widget elementor-widget-heading\" data-id=\"653c37b\" data-element_type=\"widget\" data-e-type=\"widget\" data-widget_type=\"heading.default\">\n\t\t\t\t<div class=\"elementor-widget-container\">\n\t\t\t\t\t<h2 class=\"elementor-heading-title elementor-size-default\">Veranstaltungen<\/h2>\t\t\t\t<\/div>\n\t\t\t\t<\/div>\n\t\t\t\t<div class=\"elementor-element elementor-element-f66b62e elementor-widget elementor-widget-heading\" data-id=\"f66b62e\" data-element_type=\"widget\" data-e-type=\"widget\" data-widget_type=\"heading.default\">\n\t\t\t\t<div class=\"elementor-widget-container\">\n\t\t\t\t\t<h3 class=\"elementor-heading-title elementor-size-default\">Sich versammeln<\/h3>\t\t\t\t<\/div>\n\t\t\t\t<\/div>\n\t\t\t\t<div class=\"elementor-element elementor-element-9d5ce81 elementor-widget elementor-widget-text-editor\" data-id=\"9d5ce81\" data-element_type=\"widget\" data-e-type=\"widget\" data-widget_type=\"text-editor.default\">\n\t\t\t\t<div class=\"elementor-widget-container\">\n\t\t\t\t\t\t\t\t\t<p>F\u00fcr Ihre Meetings und Events, gesch\u00e4ftliche oder private Treffen stehen Ihnen die R\u00e4umlichkeiten des H\u00f4tel de la Cit\u00e9 zur Verf\u00fcgung und versprechen vor allem Ihren G\u00e4sten k\u00f6stliche Momente in der friedlichen und eleganten Atmosph\u00e4re dieses wundersch\u00f6nen Geb\u00e4udes aus dem 19. Jahrhundert.<\/p>\t\t\t\t\t\t\t\t<\/div>\n\t\t\t\t<\/div>\n\t\t\t\t<div class=\"elementor-element elementor-element-e6a4e10 btn-border elementor-widget elementor-widget-button\" data-id=\"e6a4e10\" data-element_type=\"widget\" data-e-type=\"widget\" data-widget_type=\"button.default\">\n\t\t\t\t<div class=\"elementor-widget-container\">\n\t\t\t\t\t\t\t\t\t<div class=\"elementor-button-wrapper\">\n\t\t\t\t\t<a class=\"elementor-button elementor-button-link elementor-size-sm\" href=\"#\">\n\t\t\t\t\t\t<span class=\"elementor-button-content-wrapper\">\n\t\t\t\t\t\t\t\t\t<span class=\"elementor-button-text\">Seite ansehen<\/span>\n\t\t\t\t\t<\/span>\n\t\t\t\t\t<\/a>\n\t\t\t\t<\/div>\n\t\t\t\t\t\t\t\t<\/div>\n\t\t\t\t<\/div>\n\t\t\t\t\t<\/div>\n\t\t\t\t<\/div>\n\t\t\t\t<\/div>\n\t\t\t\t\t<\/div>\n\t\t\t\t<\/div>\n\t\t\t\t<\/div>","protected":false},"excerpt":{"rendered":"<p>D\u00e9guster Restaurant La barbacane La Barbacane propose un vaste choix de mets, tous cr\u00e9\u00e9s avec imagination et savoir-faire dans une ambiance emplie de charme et d&rsquo;\u00e9l\u00e9gance. Le Chef, Je\u0301ro\u0302me Ryon, et le Chef p\u00e2tissier, Re\u0301gis Chanel, mettent l&rsquo;accent sur une cuisine de tradition renouvel\u00e9e avec raffinement et subtilit\u00e9. \u00ab La Barbacane \u00bb, restaurant gastronomique de [&hellip;]<\/p>\n","protected":false},"author":12,"featured_media":407,"parent":0,"menu_order":0,"comment_status":"closed","ping_status":"closed","template":"","meta":{"inline_featured_image":false,"footnotes":""},"class_list":["post-79","page","type-page","status-publish","has-post-thumbnail","hentry"],"_links":{"self":[{"href":"https:\/\/www.hoteldelacite.com\/de\/wp-json\/wp\/v2\/pages\/79","targetHints":{"allow":["GET"]}}],"collection":[{"href":"https:\/\/www.hoteldelacite.com\/de\/wp-json\/wp\/v2\/pages"}],"about":[{"href":"https:\/\/www.hoteldelacite.com\/de\/wp-json\/wp\/v2\/types\/page"}],"author":[{"embeddable":true,"href":"https:\/\/www.hoteldelacite.com\/de\/wp-json\/wp\/v2\/users\/12"}],"replies":[{"embeddable":true,"href":"https:\/\/www.hoteldelacite.com\/de\/wp-json\/wp\/v2\/comments?post=79"}],"version-history":[{"count":76,"href":"https:\/\/www.hoteldelacite.com\/de\/wp-json\/wp\/v2\/pages\/79\/revisions"}],"predecessor-version":[{"id":1814,"href":"https:\/\/www.hoteldelacite.com\/de\/wp-json\/wp\/v2\/pages\/79\/revisions\/1814"}],"wp:featuredmedia":[{"embeddable":true,"href":"https:\/\/www.hoteldelacite.com\/de\/wp-json\/wp\/v2\/media\/407"}],"wp:attachment":[{"href":"https:\/\/www.hoteldelacite.com\/de\/wp-json\/wp\/v2\/media?parent=79"}],"curies":[{"name":"wp","href":"https:\/\/api.w.org\/{rel}","templated":true}]}}