{"id":89,"date":"2024-02-14T10:57:21","date_gmt":"2024-02-14T09:57:21","guid":{"rendered":"https:\/\/www.hoteldelacite.com\/?page_id=89"},"modified":"2025-04-02T11:52:25","modified_gmt":"2025-04-02T09:52:25","slug":"que-hacer-en-carcasona","status":"publish","type":"page","link":"https:\/\/www.hoteldelacite.com\/es\/tourisme-visiter-carcassonne\/activites-que-faire-a-carcassonne\/","title":{"rendered":"Actividades"},"content":{"rendered":"<div data-elementor-type=\"wp-page\" data-elementor-id=\"89\" class=\"elementor elementor-89\" data-elementor-post-type=\"page\">\n\t\t\t\t<div class=\"elementor-element elementor-element-eaab589 e-flex e-con-boxed e-con e-parent\" data-id=\"eaab589\" data-element_type=\"container\" data-e-type=\"container\" data-settings=\"{&quot;background_background&quot;:&quot;classic&quot;}\">\n\t\t\t\t\t<div class=\"e-con-inner\">\n\t\t<div class=\"elementor-element elementor-element-7039063 e-flex e-con-boxed e-con e-child\" data-id=\"7039063\" data-element_type=\"container\" data-e-type=\"container\">\n\t\t\t\t\t<div class=\"e-con-inner\">\n\t\t\t\t<div class=\"elementor-element elementor-element-376e8b5 elementor-widget elementor-widget-image\" data-id=\"376e8b5\" data-element_type=\"widget\" data-e-type=\"widget\" data-widget_type=\"image.default\">\n\t\t\t\t<div class=\"elementor-widget-container\">\n\t\t\t\t\t\t\t\t\t\t\t\t\t\t\t<img decoding=\"async\" width=\"149\" height=\"67\" src=\"https:\/\/www.hoteldelacite.com\/wp-content\/uploads\/2024\/03\/Groupe-1010-1.svg\" class=\"attachment-full size-full wp-image-535\" alt=\"\" title=\"\">\t\t\t\t\t\t\t\t\t\t\t\t\t\t\t<\/div>\n\t\t\t\t<\/div>\n\t\t\t\t<div class=\"elementor-element elementor-element-326c1ae elementor-widget elementor-widget-heading\" data-id=\"326c1ae\" data-element_type=\"widget\" data-e-type=\"widget\" data-widget_type=\"heading.default\">\n\t\t\t\t<div class=\"elementor-widget-container\">\n\t\t\t\t\t<h1 class=\"elementor-heading-title elementor-size-default\">Alrededores de Carcasona<\/h1>\t\t\t\t<\/div>\n\t\t\t\t<\/div>\n\t\t\t\t<div class=\"elementor-element elementor-element-f9ea33f elementor-widget elementor-widget-image\" data-id=\"f9ea33f\" data-element_type=\"widget\" data-e-type=\"widget\" data-widget_type=\"image.default\">\n\t\t\t\t<div class=\"elementor-widget-container\">\n\t\t\t\t\t\t\t\t\t\t\t\t\t\t\t<img decoding=\"async\" width=\"48\" height=\"47\" src=\"https:\/\/www.hoteldelacite.com\/wp-content\/uploads\/2024\/03\/Trace-19684.svg\" class=\"attachment-full size-full wp-image-534\" alt=\"\" title=\"\">\t\t\t\t\t\t\t\t\t\t\t\t\t\t\t<\/div>\n\t\t\t\t<\/div>\n\t\t\t\t\t<\/div>\n\t\t\t\t<\/div>\n\t\t\t\t\t<\/div>\n\t\t\t\t<\/div>\n\t\t<div class=\"elementor-element elementor-element-7300b94 e-flex e-con-boxed e-con e-parent\" data-id=\"7300b94\" data-element_type=\"container\" data-e-type=\"container\" data-settings=\"{&quot;background_background&quot;:&quot;classic&quot;}\">\n\t\t\t\t\t<div class=\"e-con-inner\">\n\t\t\t\t<div class=\"elementor-element elementor-element-aa861de elementor-widget elementor-widget-image\" data-id=\"aa861de\" data-element_type=\"widget\" data-e-type=\"widget\" data-widget_type=\"image.default\">\n\t\t\t\t<div class=\"elementor-widget-container\">\n\t\t\t\t\t\t\t\t\t\t\t\t\t\t\t<img decoding=\"async\" width=\"110\" height=\"4\" src=\"https:\/\/www.hoteldelacite.com\/wp-content\/uploads\/2024\/02\/Groupe-525.svg\" class=\"attachment-full size-full wp-image-220\" alt=\"\" title=\"\">\t\t\t\t\t\t\t\t\t\t\t\t\t\t\t<\/div>\n\t\t\t\t<\/div>\n\t\t\t\t<div class=\"elementor-element elementor-element-96a5068 elementor-widget elementor-widget-heading\" data-id=\"96a5068\" data-element_type=\"widget\" data-e-type=\"widget\" data-widget_type=\"heading.default\">\n\t\t\t\t<div class=\"elementor-widget-container\">\n\t\t\t\t\t<h2 class=\"elementor-heading-title elementor-size-default\">Las diferentes actividades<\/h2>\t\t\t\t<\/div>\n\t\t\t\t<\/div>\n\t\t\t\t<div class=\"elementor-element elementor-element-7bbcf34 elementor-widget elementor-widget-heading\" data-id=\"7bbcf34\" data-element_type=\"widget\" data-e-type=\"widget\" data-widget_type=\"heading.default\">\n\t\t\t\t<div class=\"elementor-widget-container\">\n\t\t\t\t\t<h3 class=\"elementor-heading-title elementor-size-default\">en el aude<\/h3>\t\t\t\t<\/div>\n\t\t\t\t<\/div>\n\t\t<div class=\"elementor-element elementor-element-a45d809 e-con-full e-flex e-con e-child\" data-id=\"a45d809\" data-element_type=\"container\" data-e-type=\"container\" data-settings=\"{&quot;background_background&quot;:&quot;classic&quot;}\">\n\t\t\t\t<div class=\"elementor-element elementor-element-2b683e3 elementor-absolute elementor-widget elementor-widget-image\" data-id=\"2b683e3\" data-element_type=\"widget\" data-e-type=\"widget\" data-settings=\"{&quot;_position&quot;:&quot;absolute&quot;}\" data-widget_type=\"image.default\">\n\t\t\t\t<div class=\"elementor-widget-container\">\n\t\t\t\t\t\t\t\t\t\t\t\t\t\t\t<img loading=\"lazy\" decoding=\"async\" width=\"410\" height=\"1353\" src=\"https:\/\/www.hoteldelacite.com\/wp-content\/uploads\/2024\/03\/Groupe-998-2x.png\" class=\"attachment-full size-full wp-image-929\" alt=\"\" srcset=\"https:\/\/www.hoteldelacite.com\/wp-content\/uploads\/2024\/03\/Groupe-998-2x.png 410w, https:\/\/www.hoteldelacite.com\/wp-content\/uploads\/2024\/03\/Groupe-998-2x-91x300.png 91w, https:\/\/www.hoteldelacite.com\/wp-content\/uploads\/2024\/03\/Groupe-998-2x-310x1024.png 310w, https:\/\/www.hoteldelacite.com\/wp-content\/uploads\/2024\/03\/Groupe-998-2x-4x12.png 4w\" sizes=\"(max-width: 410px) 100vw, 410px\" title=\"\">\t\t\t\t\t\t\t\t\t\t\t\t\t\t\t<\/div>\n\t\t\t\t<\/div>\n\t\t<div class=\"elementor-element elementor-element-8088d01 e-con-full e-flex e-con e-child\" data-id=\"8088d01\" data-element_type=\"container\" data-e-type=\"container\" data-settings=\"{&quot;background_background&quot;:&quot;classic&quot;}\">\n\t\t\t\t<div class=\"elementor-element elementor-element-fa0396a elementor-widget elementor-widget-image\" data-id=\"fa0396a\" data-element_type=\"widget\" data-e-type=\"widget\" data-widget_type=\"image.default\">\n\t\t\t\t<div class=\"elementor-widget-container\">\n\t\t\t\t\t\t\t\t\t\t\t\t\t\t\t<img decoding=\"async\" width=\"110\" height=\"4\" src=\"https:\/\/www.hoteldelacite.com\/wp-content\/uploads\/2024\/02\/Groupe-525.svg\" class=\"attachment-full size-full wp-image-220\" alt=\"\" title=\"\">\t\t\t\t\t\t\t\t\t\t\t\t\t\t\t<\/div>\n\t\t\t\t<\/div>\n\t\t\t\t<div class=\"elementor-element elementor-element-3bddfc8 elementor-widget elementor-widget-heading\" data-id=\"3bddfc8\" data-element_type=\"widget\" data-e-type=\"widget\" data-widget_type=\"heading.default\">\n\t\t\t\t<div class=\"elementor-widget-container\">\n\t\t\t\t\t<h2 class=\"elementor-heading-title elementor-size-default\">El pueblo de los libros<\/h2>\t\t\t\t<\/div>\n\t\t\t\t<\/div>\n\t\t\t\t<div class=\"elementor-element elementor-element-77f66f6 elementor-widget elementor-widget-heading\" data-id=\"77f66f6\" data-element_type=\"widget\" data-e-type=\"widget\" data-widget_type=\"heading.default\">\n\t\t\t\t<div class=\"elementor-widget-container\">\n\t\t\t\t\t<h3 class=\"elementor-heading-title elementor-size-default\">en Montolieu<\/h3>\t\t\t\t<\/div>\n\t\t\t\t<\/div>\n\t\t\t\t<div class=\"elementor-element elementor-element-b0d8244 btn-border elementor-widget elementor-widget-button\" data-id=\"b0d8244\" data-element_type=\"widget\" data-e-type=\"widget\" data-widget_type=\"button.default\">\n\t\t\t\t<div class=\"elementor-widget-container\">\n\t\t\t\t\t\t\t\t\t<div class=\"elementor-button-wrapper\">\n\t\t\t\t\t<a class=\"elementor-button elementor-button-link elementor-size-sm\" href=\"https:\/\/www.grand-carcassonne-tourisme.fr\/la-destination\/nos-beaux-villages\/montolieu-village-du-livre-et-des-arts\/\" rel=\"nofollow noopener\" target=\"_blank\">\n\t\t\t\t\t\t<span class=\"elementor-button-content-wrapper\">\n\t\t\t\t\t\t\t\t\t<span class=\"elementor-button-text\">visite<\/span>\n\t\t\t\t\t<\/span>\n\t\t\t\t\t<\/a>\n\t\t\t\t<\/div>\n\t\t\t\t\t\t\t\t<\/div>\n\t\t\t\t<\/div>\n\t\t\t\t<\/div>\n\t\t<div class=\"elementor-element elementor-element-e624a35 e-con-full e-flex e-con e-child\" data-id=\"e624a35\" data-element_type=\"container\" data-e-type=\"container\">\n\t\t\t\t<div class=\"elementor-element elementor-element-4f6059b elementor-widget__width-initial elementor-widget-tablet__width-inherit elementor-widget elementor-widget-text-editor\" data-id=\"4f6059b\" data-element_type=\"widget\" data-e-type=\"widget\" data-widget_type=\"text-editor.default\">\n\t\t\t\t<div class=\"elementor-widget-container\">\n\t\t\t\t\t\t\t\t\t<p class=\"\" data-start=\"0\" data-end=\"56\"><strong data-start=\"0\" data-end=\"54\">Montolieu, un pueblo dedicado al libro y a las artes<\/strong><\/p><p class=\"\" data-start=\"58\" data-end=\"623\">A s\u00f3lo 20 minutos al noroeste de Carcasona, Montolieu, Village du Livre &amp; des Arts, le abre sus puertas. Este para\u00edso cultural re\u00fane a una quincena de libreros, artistas y artesanos, as\u00ed como al Mus\u00e9e des Arts et M\u00e9tiers du Livre. Tambi\u00e9n encontrar\u00e1 el Mus\u00e9e d'art brut et d'art singulier C\u00e9r\u00e8s-Franco, actualmente cerrado por renovaci\u00f3n hasta 2026. Con sus galer\u00edas, peque\u00f1as boutiques, tiendas y restaurantes, Montolieu tiene todo lo necesario para pasar un gran d\u00eda. Montolieu tambi\u00e9n forma parte de la red Ville et M\u00e9tiers d'Art.<\/p>\t\t\t\t\t\t\t\t<\/div>\n\t\t\t\t<\/div>\n\t\t\t\t<\/div>\n\t\t\t\t<\/div>\n\t\t<div class=\"elementor-element elementor-element-fc9497b e-con-full e-flex e-con e-child\" data-id=\"fc9497b\" data-element_type=\"container\" data-e-type=\"container\">\n\t\t<div class=\"elementor-element elementor-element-4a959e2 e-con-full e-flex e-con e-child\" data-id=\"4a959e2\" data-element_type=\"container\" data-e-type=\"container\">\n\t\t\t\t<div class=\"elementor-element elementor-element-54f5abc elementor-widget__width-inherit elementor-widget elementor-widget-text-editor\" data-id=\"54f5abc\" data-element_type=\"widget\" data-e-type=\"widget\" data-widget_type=\"text-editor.default\">\n\t\t\t\t<div class=\"elementor-widget-container\">\n\t\t\t\t\t\t\t\t\t<p data-pm-slice=\"1 1 []\">El Pays Cathare es un destino fascinante que combina patrimonio hist\u00f3rico, magn\u00edficos paisajes y tradiciones aut\u00e9nticas. Esta zona, marcada por la historia de los c\u00e1taros, ofrece a los visitantes una inmersi\u00f3n \u00fanica en un cautivador pasado medieval, al tiempo que les permite disfrutar de la belleza natural de la regi\u00f3n.<\/p>\t\t\t\t\t\t\t\t<\/div>\n\t\t\t\t<\/div>\n\t\t\t\t<div class=\"elementor-element elementor-element-4b9cce4 btn-border elementor-widget elementor-widget-button\" data-id=\"4b9cce4\" data-element_type=\"widget\" data-e-type=\"widget\" data-widget_type=\"button.default\">\n\t\t\t\t<div class=\"elementor-widget-container\">\n\t\t\t\t\t\t\t\t\t<div class=\"elementor-button-wrapper\">\n\t\t\t\t\t<a class=\"elementor-button elementor-button-link elementor-size-sm\" href=\"https:\/\/www.payscathare.org\/un-reseau-de-monuments-en-aude-pays-cathare\" rel=\"nofollow noopener\" target=\"_blank\">\n\t\t\t\t\t\t<span class=\"elementor-button-content-wrapper\">\n\t\t\t\t\t\t\t\t\t<span class=\"elementor-button-text\">visite<\/span>\n\t\t\t\t\t<\/span>\n\t\t\t\t\t<\/a>\n\t\t\t\t<\/div>\n\t\t\t\t\t\t\t\t<\/div>\n\t\t\t\t<\/div>\n\t\t\t\t<\/div>\n\t\t<div class=\"elementor-element elementor-element-83b75b3 e-con-full e-flex e-con e-child\" data-id=\"83b75b3\" data-element_type=\"container\" data-e-type=\"container\" data-settings=\"{&quot;background_background&quot;:&quot;classic&quot;}\">\n\t\t\t\t<div class=\"elementor-element elementor-element-7ce8b75 elementor-widget elementor-widget-image\" data-id=\"7ce8b75\" data-element_type=\"widget\" data-e-type=\"widget\" data-widget_type=\"image.default\">\n\t\t\t\t<div class=\"elementor-widget-container\">\n\t\t\t\t\t\t\t\t\t\t\t\t\t\t\t<img decoding=\"async\" width=\"110\" height=\"4\" src=\"https:\/\/www.hoteldelacite.com\/wp-content\/uploads\/2024\/02\/Groupe-525.svg\" class=\"attachment-full size-full wp-image-220\" alt=\"\" title=\"\">\t\t\t\t\t\t\t\t\t\t\t\t\t\t\t<\/div>\n\t\t\t\t<\/div>\n\t\t\t\t<div class=\"elementor-element elementor-element-0e077fe elementor-widget elementor-widget-heading\" data-id=\"0e077fe\" data-element_type=\"widget\" data-e-type=\"widget\" data-widget_type=\"heading.default\">\n\t\t\t\t<div class=\"elementor-widget-container\">\n\t\t\t\t\t<h2 class=\"elementor-heading-title elementor-size-default\">Pa\u00eds c\u00e1taro<\/h2>\t\t\t\t<\/div>\n\t\t\t\t<\/div>\n\t\t\t\t<div class=\"elementor-element elementor-element-5498ae4 elementor-widget elementor-widget-heading\" data-id=\"5498ae4\" data-element_type=\"widget\" data-e-type=\"widget\" data-widget_type=\"heading.default\">\n\t\t\t\t<div class=\"elementor-widget-container\">\n\t\t\t\t\t<h3 class=\"elementor-heading-title elementor-size-default\">Castillos y abad\u00edas<\/h3>\t\t\t\t<\/div>\n\t\t\t\t<\/div>\n\t\t\t\t<div class=\"elementor-element elementor-element-8d1127a elementor-absolute elementor-widget elementor-widget-image\" data-id=\"8d1127a\" data-element_type=\"widget\" data-e-type=\"widget\" data-settings=\"{&quot;_position&quot;:&quot;absolute&quot;}\" data-widget_type=\"image.default\">\n\t\t\t\t<div class=\"elementor-widget-container\">\n\t\t\t\t\t\t\t\t\t\t\t\t\t\t\t<img loading=\"lazy\" decoding=\"async\" width=\"410\" height=\"1353\" src=\"https:\/\/www.hoteldelacite.com\/wp-content\/uploads\/2024\/03\/Groupe-998-2x.png\" class=\"attachment-full size-full wp-image-929\" alt=\"\" srcset=\"https:\/\/www.hoteldelacite.com\/wp-content\/uploads\/2024\/03\/Groupe-998-2x.png 410w, https:\/\/www.hoteldelacite.com\/wp-content\/uploads\/2024\/03\/Groupe-998-2x-91x300.png 91w, https:\/\/www.hoteldelacite.com\/wp-content\/uploads\/2024\/03\/Groupe-998-2x-310x1024.png 310w, https:\/\/www.hoteldelacite.com\/wp-content\/uploads\/2024\/03\/Groupe-998-2x-4x12.png 4w\" sizes=\"(max-width: 410px) 100vw, 410px\" title=\"\">\t\t\t\t\t\t\t\t\t\t\t\t\t\t\t<\/div>\n\t\t\t\t<\/div>\n\t\t\t\t<\/div>\n\t\t\t\t<\/div>\n\t\t<div class=\"elementor-element elementor-element-cfb50f9 e-con-full bg-white e-flex e-con e-child\" data-id=\"cfb50f9\" data-element_type=\"container\" data-e-type=\"container\">\n\t\t<div class=\"elementor-element elementor-element-66c7c50 e-con-full e-flex e-con e-child\" data-id=\"66c7c50\" data-element_type=\"container\" data-e-type=\"container\" data-settings=\"{&quot;background_background&quot;:&quot;classic&quot;}\">\n\t\t\t\t<div class=\"elementor-element elementor-element-36e78d3 elementor-absolute elementor-widget elementor-widget-image\" data-id=\"36e78d3\" data-element_type=\"widget\" data-e-type=\"widget\" data-settings=\"{&quot;_position&quot;:&quot;absolute&quot;}\" data-widget_type=\"image.default\">\n\t\t\t\t<div class=\"elementor-widget-container\">\n\t\t\t\t\t\t\t\t\t\t\t\t\t\t\t<img loading=\"lazy\" decoding=\"async\" width=\"410\" height=\"1353\" src=\"https:\/\/www.hoteldelacite.com\/wp-content\/uploads\/2024\/03\/Groupe-998-2x.png\" class=\"attachment-full size-full wp-image-929\" alt=\"\" srcset=\"https:\/\/www.hoteldelacite.com\/wp-content\/uploads\/2024\/03\/Groupe-998-2x.png 410w, https:\/\/www.hoteldelacite.com\/wp-content\/uploads\/2024\/03\/Groupe-998-2x-91x300.png 91w, https:\/\/www.hoteldelacite.com\/wp-content\/uploads\/2024\/03\/Groupe-998-2x-310x1024.png 310w, https:\/\/www.hoteldelacite.com\/wp-content\/uploads\/2024\/03\/Groupe-998-2x-4x12.png 4w\" sizes=\"(max-width: 410px) 100vw, 410px\" title=\"\">\t\t\t\t\t\t\t\t\t\t\t\t\t\t\t<\/div>\n\t\t\t\t<\/div>\n\t\t\t\t<div class=\"elementor-element elementor-element-02d222a elementor-widget elementor-widget-image\" data-id=\"02d222a\" data-element_type=\"widget\" data-e-type=\"widget\" data-widget_type=\"image.default\">\n\t\t\t\t<div class=\"elementor-widget-container\">\n\t\t\t\t\t\t\t\t\t\t\t\t\t\t\t<img decoding=\"async\" width=\"110\" height=\"4\" src=\"https:\/\/www.hoteldelacite.com\/wp-content\/uploads\/2024\/02\/Groupe-525.svg\" class=\"attachment-full size-full wp-image-220\" alt=\"\" title=\"\">\t\t\t\t\t\t\t\t\t\t\t\t\t\t\t<\/div>\n\t\t\t\t<\/div>\n\t\t\t\t<div class=\"elementor-element elementor-element-0a4dc07 elementor-widget elementor-widget-heading\" data-id=\"0a4dc07\" data-element_type=\"widget\" data-e-type=\"widget\" data-widget_type=\"heading.default\">\n\t\t\t\t<div class=\"elementor-widget-container\">\n\t\t\t\t\t<h2 class=\"elementor-heading-title elementor-size-default\">El Canal du Midi<\/h2>\t\t\t\t<\/div>\n\t\t\t\t<\/div>\n\t\t\t\t<div class=\"elementor-element elementor-element-73fa0cf elementor-widget elementor-widget-heading\" data-id=\"73fa0cf\" data-element_type=\"widget\" data-e-type=\"widget\" data-widget_type=\"heading.default\">\n\t\t\t\t<div class=\"elementor-widget-container\">\n\t\t\t\t\t<h3 class=\"elementor-heading-title elementor-size-default\">paseo tranquilo<\/h3>\t\t\t\t<\/div>\n\t\t\t\t<\/div>\n\t\t\t\t<div class=\"elementor-element elementor-element-379e557 btn-border elementor-widget elementor-widget-button\" data-id=\"379e557\" data-element_type=\"widget\" data-e-type=\"widget\" data-widget_type=\"button.default\">\n\t\t\t\t<div class=\"elementor-widget-container\">\n\t\t\t\t\t\t\t\t\t<div class=\"elementor-button-wrapper\">\n\t\t\t\t\t<a class=\"elementor-button elementor-button-link elementor-size-sm\" href=\"https:\/\/www.tourisme-carcassonne.fr\/decouvrir\/le-canal-du-midi\/\" rel=\"nofollow noopener\" target=\"_blank\">\n\t\t\t\t\t\t<span class=\"elementor-button-content-wrapper\">\n\t\t\t\t\t\t\t\t\t<span class=\"elementor-button-text\">visite<\/span>\n\t\t\t\t\t<\/span>\n\t\t\t\t\t<\/a>\n\t\t\t\t<\/div>\n\t\t\t\t\t\t\t\t<\/div>\n\t\t\t\t<\/div>\n\t\t\t\t<\/div>\n\t\t<div class=\"elementor-element elementor-element-f8813d0 e-con-full e-flex e-con e-child\" data-id=\"f8813d0\" data-element_type=\"container\" data-e-type=\"container\">\n\t\t\t\t<div class=\"elementor-element elementor-element-11b3293 elementor-widget__width-inherit elementor-widget elementor-widget-text-editor\" data-id=\"11b3293\" data-element_type=\"widget\" data-e-type=\"widget\" data-widget_type=\"text-editor.default\">\n\t\t\t\t<div class=\"elementor-widget-container\">\n\t\t\t\t\t\t\t\t\t<p>Por \u00faltimo, un crucero por el Canal du Midi es una experiencia apacible. Ver pasar los magn\u00edficos paisajes al ritmo del agua aporta paz y relajaci\u00f3n. Declarado Patrimonio de la Humanidad por la UNESCO, el Canal du Midi se extiende a lo largo de 240 km, desde los que se divisa la ciudad medieval de Carcasona.<\/p>\t\t\t\t\t\t\t\t<\/div>\n\t\t\t\t<\/div>\n\t\t\t\t<\/div>\n\t\t\t\t<\/div>\n\t\t<div class=\"elementor-element elementor-element-f3ef78b e-con-full e-flex e-con e-child\" data-id=\"f3ef78b\" data-element_type=\"container\" data-e-type=\"container\">\n\t\t<div class=\"elementor-element elementor-element-3c8e870 e-con-full e-flex e-con e-child\" data-id=\"3c8e870\" data-element_type=\"container\" data-e-type=\"container\">\n\t\t\t\t<div class=\"elementor-element elementor-element-a22824d elementor-widget__width-inherit elementor-widget elementor-widget-text-editor\" data-id=\"a22824d\" data-element_type=\"widget\" data-e-type=\"widget\" data-widget_type=\"text-editor.default\">\n\t\t\t\t<div class=\"elementor-widget-container\">\n\t\t\t\t\t\t\t\t\t<p>Dir\u00edjase a la sima de Cabrespine para practicar arborismo subterr\u00e1neo. Encontrar\u00e1s tirolinas, puentes de mono y escalada de pared de una forma original, ya que se trata de una aventura en una cueva.<\/p>\t\t\t\t\t\t\t\t<\/div>\n\t\t\t\t<\/div>\n\t\t\t\t<div class=\"elementor-element elementor-element-0e116b9 btn-border elementor-widget elementor-widget-button\" data-id=\"0e116b9\" data-element_type=\"widget\" data-e-type=\"widget\" data-widget_type=\"button.default\">\n\t\t\t\t<div class=\"elementor-widget-container\">\n\t\t\t\t\t\t\t\t\t<div class=\"elementor-button-wrapper\">\n\t\t\t\t\t<a class=\"elementor-button elementor-button-link elementor-size-sm\" href=\"https:\/\/www.grand-carcassonne-tourisme.fr\/la-destination\/nos-incontournables\/gouffre-geant-de-cabrespine\/\" rel=\"nofollow noopener\" target=\"_blank\">\n\t\t\t\t\t\t<span class=\"elementor-button-content-wrapper\">\n\t\t\t\t\t\t\t\t\t<span class=\"elementor-button-text\">visite<\/span>\n\t\t\t\t\t<\/span>\n\t\t\t\t\t<\/a>\n\t\t\t\t<\/div>\n\t\t\t\t\t\t\t\t<\/div>\n\t\t\t\t<\/div>\n\t\t\t\t<\/div>\n\t\t<div class=\"elementor-element elementor-element-ff8d04c e-con-full e-flex e-con e-child\" data-id=\"ff8d04c\" data-element_type=\"container\" data-e-type=\"container\" data-settings=\"{&quot;background_background&quot;:&quot;classic&quot;}\">\n\t\t\t\t<div class=\"elementor-element elementor-element-86cb87b elementor-widget elementor-widget-image\" data-id=\"86cb87b\" data-element_type=\"widget\" data-e-type=\"widget\" data-widget_type=\"image.default\">\n\t\t\t\t<div class=\"elementor-widget-container\">\n\t\t\t\t\t\t\t\t\t\t\t\t\t\t\t<img decoding=\"async\" width=\"110\" height=\"4\" src=\"https:\/\/www.hoteldelacite.com\/wp-content\/uploads\/2024\/02\/Groupe-525.svg\" class=\"attachment-full size-full wp-image-220\" alt=\"\" title=\"\">\t\t\t\t\t\t\t\t\t\t\t\t\t\t\t<\/div>\n\t\t\t\t<\/div>\n\t\t\t\t<div class=\"elementor-element elementor-element-a5c0d3b elementor-widget elementor-widget-heading\" data-id=\"a5c0d3b\" data-element_type=\"widget\" data-e-type=\"widget\" data-widget_type=\"heading.default\">\n\t\t\t\t<div class=\"elementor-widget-container\">\n\t\t\t\t\t<h2 class=\"elementor-heading-title elementor-size-default\">El abismo de Cabrespine<\/h2>\t\t\t\t<\/div>\n\t\t\t\t<\/div>\n\t\t\t\t<div class=\"elementor-element elementor-element-2f74921 elementor-widget elementor-widget-heading\" data-id=\"2f74921\" data-element_type=\"widget\" data-e-type=\"widget\" data-widget_type=\"heading.default\">\n\t\t\t\t<div class=\"elementor-widget-container\">\n\t\t\t\t\t<h3 class=\"elementor-heading-title elementor-size-default\">un adicto a las cavernas<\/h3>\t\t\t\t<\/div>\n\t\t\t\t<\/div>\n\t\t\t\t<div class=\"elementor-element elementor-element-2ce3514 elementor-absolute elementor-widget elementor-widget-image\" data-id=\"2ce3514\" data-element_type=\"widget\" data-e-type=\"widget\" data-settings=\"{&quot;_position&quot;:&quot;absolute&quot;}\" data-widget_type=\"image.default\">\n\t\t\t\t<div class=\"elementor-widget-container\">\n\t\t\t\t\t\t\t\t\t\t\t\t\t\t\t<img loading=\"lazy\" decoding=\"async\" width=\"410\" height=\"1353\" src=\"https:\/\/www.hoteldelacite.com\/wp-content\/uploads\/2024\/03\/Groupe-998-2x.png\" class=\"attachment-full size-full wp-image-929\" alt=\"\" srcset=\"https:\/\/www.hoteldelacite.com\/wp-content\/uploads\/2024\/03\/Groupe-998-2x.png 410w, https:\/\/www.hoteldelacite.com\/wp-content\/uploads\/2024\/03\/Groupe-998-2x-91x300.png 91w, https:\/\/www.hoteldelacite.com\/wp-content\/uploads\/2024\/03\/Groupe-998-2x-310x1024.png 310w, https:\/\/www.hoteldelacite.com\/wp-content\/uploads\/2024\/03\/Groupe-998-2x-4x12.png 4w\" sizes=\"(max-width: 410px) 100vw, 410px\" title=\"\">\t\t\t\t\t\t\t\t\t\t\t\t\t\t\t<\/div>\n\t\t\t\t<\/div>\n\t\t\t\t<\/div>\n\t\t\t\t<\/div>\n\t\t\t\t\t<\/div>\n\t\t\t\t<\/div>\n\t\t<div class=\"elementor-element elementor-element-b4c2619 e-flex e-con-boxed e-con e-parent\" data-id=\"b4c2619\" data-element_type=\"container\" data-e-type=\"container\">\n\t\t\t\t\t<div class=\"e-con-inner\">\n\t\t<div class=\"elementor-element elementor-element-ca5bf47 e-con-full e-flex e-con e-child\" data-id=\"ca5bf47\" data-element_type=\"container\" data-e-type=\"container\">\n\t\t\t\t<div class=\"elementor-element elementor-element-fc9f830 elementor-widget elementor-widget-image\" data-id=\"fc9f830\" data-element_type=\"widget\" data-e-type=\"widget\" data-widget_type=\"image.default\">\n\t\t\t\t<div class=\"elementor-widget-container\">\n\t\t\t\t\t\t\t\t\t\t\t\t\t\t\t<img decoding=\"async\" width=\"110\" height=\"4\" src=\"https:\/\/www.hoteldelacite.com\/wp-content\/uploads\/2024\/02\/Groupe-525.svg\" class=\"attachment-full size-full wp-image-220\" alt=\"\" title=\"\">\t\t\t\t\t\t\t\t\t\t\t\t\t\t\t<\/div>\n\t\t\t\t<\/div>\n\t\t\t\t<div class=\"elementor-element elementor-element-d84d1dd elementor-widget elementor-widget-heading\" data-id=\"d84d1dd\" data-element_type=\"widget\" data-e-type=\"widget\" data-widget_type=\"heading.default\">\n\t\t\t\t<div class=\"elementor-widget-container\">\n\t\t\t\t\t<h2 class=\"elementor-heading-title elementor-size-default\">Mapa de actividades<\/h2>\t\t\t\t<\/div>\n\t\t\t\t<\/div>\n\t\t\t\t<\/div>\n\t\t<div class=\"elementor-element elementor-element-6dfa7be e-con-full e-flex e-con e-child\" data-id=\"6dfa7be\" data-element_type=\"container\" data-e-type=\"container\">\n\t\t\t\t<div class=\"elementor-element elementor-element-3b4f8e2 elementor-widget elementor-widget-google_maps\" data-id=\"3b4f8e2\" data-element_type=\"widget\" data-e-type=\"widget\" data-widget_type=\"google_maps.default\">\n\t\t\t\t<div class=\"elementor-widget-container\">\n\t\t\t\t\t\t\t<div class=\"elementor-custom-embed\">\n\t\t\t<iframe loading=\"lazy\"\n\t\t\t\t\tsrc=\"https:\/\/maps.google.com\/maps?q=Carcassonne%20Cit%C3%A9%20M%C3%A9di%C3%A9vale&#038;t=m&#038;z=13&#038;output=embed&#038;iwloc=near\"\n\t\t\t\t\ttitle=\"Ciudad medieval de Carcasona\"\n\t\t\t\t\taria-label=\"Ciudad medieval de Carcasona\"\n\t\t\t><\/iframe>\n\t\t<\/div>\n\t\t\t\t\t\t<\/div>\n\t\t\t\t<\/div>\n\t\t\t\t<\/div>\n\t\t\t\t\t<\/div>\n\t\t\t\t<\/div>\n\t\t\t\t<\/div>","protected":false},"excerpt":{"rendered":"<p>Autour de Carcassonne Les diff\u00e9rentes activit\u00e9s dans l&rsquo;aude Le village du livre \u00e0 Montolieu d\u00e9couvrir Montolieu, un village d\u00e9di\u00e9 aux livres et aux arts \u00c0 seulement 20 minutes au nord-ouest de Carcassonne, Montolieu, Village du Livre &amp; des Arts, vous ouvre ses portes. Ce havre culturel rassemble une quinzaine de libraires et bouquinistes, des artistes [&hellip;]<\/p>\n","protected":false},"author":12,"featured_media":2516,"parent":85,"menu_order":0,"comment_status":"closed","ping_status":"closed","template":"","meta":{"inline_featured_image":false,"footnotes":""},"class_list":["post-89","page","type-page","status-publish","has-post-thumbnail","hentry"],"_links":{"self":[{"href":"https:\/\/www.hoteldelacite.com\/es\/wp-json\/wp\/v2\/pages\/89","targetHints":{"allow":["GET"]}}],"collection":[{"href":"https:\/\/www.hoteldelacite.com\/es\/wp-json\/wp\/v2\/pages"}],"about":[{"href":"https:\/\/www.hoteldelacite.com\/es\/wp-json\/wp\/v2\/types\/page"}],"author":[{"embeddable":true,"href":"https:\/\/www.hoteldelacite.com\/es\/wp-json\/wp\/v2\/users\/12"}],"replies":[{"embeddable":true,"href":"https:\/\/www.hoteldelacite.com\/es\/wp-json\/wp\/v2\/comments?post=89"}],"version-history":[{"count":47,"href":"https:\/\/www.hoteldelacite.com\/es\/wp-json\/wp\/v2\/pages\/89\/revisions"}],"predecessor-version":[{"id":2572,"href":"https:\/\/www.hoteldelacite.com\/es\/wp-json\/wp\/v2\/pages\/89\/revisions\/2572"}],"up":[{"embeddable":true,"href":"https:\/\/www.hoteldelacite.com\/es\/wp-json\/wp\/v2\/pages\/85"}],"wp:featuredmedia":[{"embeddable":true,"href":"https:\/\/www.hoteldelacite.com\/es\/wp-json\/wp\/v2\/media\/2516"}],"wp:attachment":[{"href":"https:\/\/www.hoteldelacite.com\/es\/wp-json\/wp\/v2\/media?parent=89"}],"curies":[{"name":"wp","href":"https:\/\/api.w.org\/{rel}","templated":true}]}}